{"id":2238,"date":"2021-12-18T10:01:02","date_gmt":"2021-12-18T15:01:02","guid":{"rendered":"https:\/\/wallmountac.com\/telechargements\/"},"modified":"2023-11-13T15:25:53","modified_gmt":"2023-11-13T20:25:53","slug":"telechargements","status":"publish","type":"page","link":"https:\/\/wallmountac.com\/fr\/telechargements\/","title":{"rendered":"T\u00e9l\u00e9chargements"},"content":{"rendered":"<h2>Manuels d&#8217;utilisation et d&#8217;installation<\/h2>\n<h4>Aura :<\/h4>\n<p><i class=\"fa fa-file-pdf\"><\/i> <a title=\"Manuel de l'utilisateur Aura\" href=\"https:\/\/wallmountac.com\/wp-content\/uploads\/2022\/09\/aura-installation-manual-Q.pdf\">Manuel de l&#8217;utilisateur Aura<\/a><br \/>\n<i class=\"fa fa-file-pdf\"><\/i> <a title=\"Manuel de l'utilisateur Aura Multi-Zone - Partie 1\" href=\"https:\/\/wallmountac.com\/wp-content\/uploads\/2021\/12\/Aura_Multi-Zone_User_Manual_Part_1.pdf\">Manuel de l&#8217;utilisateur Aura Multi-Zone &#8211; Partie 1<\/a><br \/>\n<i class=\"fa fa-file-pdf\"><\/i> <a title=\"Manuel de l'utilisateur Aura Multi-Zone - Partie 2\" href=\"https:\/\/wallmountac.com\/wp-content\/uploads\/2021\/12\/Aura_Multi-Zone_User_Manual_Part_2.pdf\">Manuel de l&#8217;utilisateur Aura Multi-Zone &#8211; Partie 2<\/a><br \/>\n<i class=\"fa fa-file-pdf\"><\/i> <a title=\"Manuel de la t\u00e9l\u00e9commande Aura\" href=\"https:\/\/wallmountac.com\/wp-content\/uploads\/2021\/12\/Aura_Remote_Manual.pdf\">Manuel de la t\u00e9l\u00e9commande Aura<\/a><br \/>\n<i class=\"fa fa-file-pdf\"><\/i> <a title=\"Manuel d'installation Aura\" href=\"https:\/\/wallmountac.com\/wp-content\/uploads\/2022\/09\/aura-installation-manual-Q.pdf\">Manuel d&#8217;installation Aura (s\u00e9rie Q)<\/a><\/p>\n<p><a title=\"Manuel d'installation Aura\" href=\"https:\/\/wallmountac.com\/wp-content\/uploads\/2021\/12\/Aura_Installation_Manual.pdf\">Manuel d&#8217;installation Aura (s\u00e9rie Z)<\/a><br \/>\n<i class=\"fa fa-file-pdf\"><\/i> <a title=\"Manuel d'installation Aura Multi-Zone\" href=\"https:\/\/wallmountac.com\/wp-content\/uploads\/2021\/12\/Aura_Multi-Zone_Installation_Manual.pdf\">Manuel d&#8217;installation Aura Multi-Zone<\/a><\/p>\n<h4>Cassettes de plafond :<\/h4>\n<p><i class=\"fa fa-file-pdf\"><\/i> <a title=\"Manuel d'installation des cassettes de plafond\" href=\"https:\/\/wallmountac.com\/wp-content\/uploads\/2021\/12\/installation_manual_of_cassette.pdf\">Manuel d&#8217;installation des cassettes de plafond<\/a><\/p>\n<h4>Conduits dissimul\u00e9s :<\/h4>\n<p><i class=\"fa fa-file-pdf\"><\/i> <a title=\"Manuel d'installation pour les conduits encastr\u00e9s\" href=\"https:\/\/wallmountac.com\/wp-content\/uploads\/2021\/12\/Concealed-Duct-Installation-manual.pdf\">Manuel d&#8217;installation pour les conduits encastr\u00e9s<\/a><\/p>\n<h4>LETO :<\/h4>\n<p><i class=\"fa fa-file-pdf\"><\/i> <a title=\"Manuel de l'utilisateur LETO\" href=\"https:\/\/wallmountac.com\/wp-content\/uploads\/2021\/12\/LETO_User_Manual.pdf\">Manuel de l&#8217;utilisateur LETO<\/a><br \/>\n<i class=\"fa fa-file-pdf\"><\/i> <a title=\"LETO Multi Zone Manuel de l'utilisateur\" href=\"https:\/\/wallmountac.com\/wp-content\/uploads\/2021\/12\/LETO_Multi-Zone_User_Manual.pdf\">LETO Multi Zone Manuel de l&#8217;utilisateur<\/a><br \/>\n<i class=\"fa fa-file-pdf\"><\/i> <a title=\"Manuel de la t\u00e9l\u00e9commande LETO\" href=\"https:\/\/wallmountac.com\/wp-content\/uploads\/2021\/12\/LETO_Remote_Manual.pdf\">Manuel de la t\u00e9l\u00e9commande LETO<\/a><br \/>\n<i class=\"fa fa-file-pdf\"><\/i> <a title=\"Manuel d'installation LETO\" href=\"https:\/\/wallmountac.com\/wp-content\/uploads\/2021\/12\/LETO_Installation_Manual.pdf\">Manuel d&#8217;installation LETO<\/a><br \/>\n<i class=\"fa fa-file-pdf\"><\/i> <a title=\"Manuel d'installation LETO Multi-Zone\" href=\"https:\/\/wallmountac.com\/wp-content\/uploads\/2021\/12\/LETO_Multi-Zone_Installation_Manual.pdf\">Manuel d&#8217;installation LETO Multi-Zone<\/a><\/p>\n<h4>Manuel d&#8217;entretien<\/h4>\n<p><i class=\"fa fa-file-pdf\"><\/i> <a title=\"Manuel d'entretien pour tous les mod\u00e8les de climatiseurs mini splits sans conduit de Senville\" href=\"https:\/\/wallmountac.com\/wp-content\/uploads\/2021\/12\/ServiceManualForSenvilleAirConditioners.pdf\">Manuel d&#8217;entretien pour tous les mod\u00e8les de climatiseurs mini splits sans conduit de Senville<\/a><\/p>\n","protected":false},"excerpt":{"rendered":"<p>Manuels d&#8217;utilisation et d&#8217;installation Aura : Manuel de l&#8217;utilisateur Aura Manuel de l&#8217;utilisateur Aura Multi-Zone &#8211; Partie 1 Manuel de l&#8217;utilisateur Aura Multi-Zone &#8211; Partie 2 Manuel de la t\u00e9l\u00e9commande Aura Manuel d&#8217;installation Aura (s\u00e9rie Q) Manuel d&#8217;installation Aura (s\u00e9rie Z) Manuel d&#8217;installation Aura Multi-Zone Cassettes de plafond : Manuel d&#8217;installation des cassettes de plafond [&hellip;]<\/p>\n","protected":false},"author":2,"featured_media":0,"parent":0,"menu_order":0,"comment_status":"closed","ping_status":"closed","template":"","meta":{"_acf_changed":false,"footnotes":""},"class_list":["post-2238","page","type-page","status-publish","hentry"],"acf":[],"_links":{"self":[{"href":"https:\/\/wallmountac.com\/fr\/wp-json\/wp\/v2\/pages\/2238","targetHints":{"allow":["GET"]}}],"collection":[{"href":"https:\/\/wallmountac.com\/fr\/wp-json\/wp\/v2\/pages"}],"about":[{"href":"https:\/\/wallmountac.com\/fr\/wp-json\/wp\/v2\/types\/page"}],"author":[{"embeddable":true,"href":"https:\/\/wallmountac.com\/fr\/wp-json\/wp\/v2\/users\/2"}],"replies":[{"embeddable":true,"href":"https:\/\/wallmountac.com\/fr\/wp-json\/wp\/v2\/comments?post=2238"}],"version-history":[{"count":0,"href":"https:\/\/wallmountac.com\/fr\/wp-json\/wp\/v2\/pages\/2238\/revisions"}],"wp:attachment":[{"href":"https:\/\/wallmountac.com\/fr\/wp-json\/wp\/v2\/media?parent=2238"}],"curies":[{"name":"wp","href":"https:\/\/api.w.org\/{rel}","templated":true}]}}