{"id":2245,"date":"2021-12-18T10:01:15","date_gmt":"2021-12-18T15:01:15","guid":{"rendered":"https:\/\/wallmountac.com\/warranty\/"},"modified":"2023-11-13T15:26:15","modified_gmt":"2023-11-13T20:26:15","slug":"warranty","status":"publish","type":"page","link":"https:\/\/wallmountac.com\/fr\/warranty\/","title":{"rendered":"Garantie"},"content":{"rendered":"<p>Sauf indication contraire dans la description de chaque produit contenu dans ce site, les garanties limit\u00e9es de remplacement des pi\u00e8ces du fabricant commencent \u00e0 la date d&#8217;achat pour tous les produits de climatisation contenus dans ce site Web. La main-d&#8217;\u0153uvre n&#8217;est pas incluse dans la pr\u00e9sente garantie et est express\u00e9ment exclue par la pr\u00e9sente. Toutes les garanties sont accord\u00e9es directement par les fabricants des produits. Toutefois, nous nous ferons un plaisir de vous orienter vers les canaux appropri\u00e9s pour votre garantie. &#8220;www.wallmountac.com&#8221;, &#8220;Maison des SEMI&#8221; ou l&#8217;une de ses filiales ne sont pas responsables des garanties. Tout produit ou composant d\u00e9fectueux peut \u00eatre r\u00e9par\u00e9 ou remplac\u00e9 au choix du fabricant. L&#8217;acheteur est responsable du processus et du co\u00fbt de l&#8217;enl\u00e8vement et du retour de la pi\u00e8ce d\u00e9fectueuse chez nous ou chez le fabricant pour r\u00e9paration et\/ou remplacement.<\/p>\n<p>Nous, ou le fabricant, ne sommes pas responsables d&#8217;une installation, d&#8217;une utilisation ou d&#8217;un entretien d\u00e9fectueux du produit et, \u00e0 ce titre, nous recommandons que l&#8217;installation et l&#8217;assemblage, le cas \u00e9ch\u00e9ant, soient effectu\u00e9s uniquement par des professionnels certifi\u00e9s et qualifi\u00e9s. Il incombe \u00e0 chaque acheteur de d\u00e9terminer si le produit en question est conforme aux r\u00e8gles, codes et\/ou r\u00e9glementations applicables, le cas \u00e9ch\u00e9ant, et s&#8217;il convient \u00e0 l&#8217;utilisation et\/ou au fonctionnement particulier et\/ou pr\u00e9vu dans ces r\u00e8gles, codes et\/ou r\u00e9glementations.<\/p>\n<p>Nous ne faisons aucune d\u00e9claration ni ne donnons aucune garantie concernant l&#8217;ad\u00e9quation d&#8217;une marchandise \u00e0 un usage ou \u00e0 une fin particuli\u00e8re. Les dommages r\u00e9sultant d&#8217;un d\u00e9faut d&#8217;utilisation, d&#8217;installation ou d&#8217;entretien du produit conform\u00e9ment aux recommandations de nos fabricants entra\u00eenent l&#8217;annulation de la garantie. Le fabricant exige que tous les appareils soient install\u00e9s par un technicien certifi\u00e9 en CVC et peut, \u00e0 sa discr\u00e9tion, demander un rapport \u00e0 un technicien qualifi\u00e9 avant d&#8217;honorer une r\u00e9clamation au titre de la garantie. Toutes les garanties excluent sp\u00e9cifiquement tout dommage cons\u00e9cutif et\/ou accidentel. Un num\u00e9ro d&#8217;autorisation de retour de marchandise (RMA) doit \u00eatre obtenu aupr\u00e8s du fabricant avant tout retour d&#8217;\u00e9quipement. &#8220;www.wallmountac.com&#8221; ou l&#8217;une de ses filiales n&#8217;est pas responsable de l&#8217;exactitude des affirmations, d\u00e9clarations ou informations faites par le fabricant des produits que nous vendons.<\/p>\n<p>Les commandes sont conditionn\u00e9es \u00e0 la disponibilit\u00e9 des stocks. Les ETA (Estimated Time of Arrival) ne sont pas garantis. Les clients ont le choix de r\u00e9cup\u00e9rer ou d&#8217;exp\u00e9dier les articles achet\u00e9s. Les frais d&#8217;exp\u00e9dition sont \u00e0 la charge et sous la responsabilit\u00e9 du client. Les articles en stock seront pr\u00eats \u00e0 \u00eatre enlev\u00e9s ou exp\u00e9di\u00e9s dans l&#8217;ordre o\u00f9 ils ont \u00e9t\u00e9 re\u00e7us. Nous essayons de les pr\u00e9parer dans un d\u00e9lai de 2 \u00e0 5 jours ouvrables, mais nous ne le garantissons pas. Les articles exp\u00e9di\u00e9s en retard, manquants ou endommag\u00e9s rel\u00e8vent de la responsabilit\u00e9 de l&#8217;exp\u00e9diteur et le client doit faire une r\u00e9clamation et traiter avec lui directement.<\/p>\n<p>Toutes les ventes sont d\u00e9finitives. Aucun retour ou \u00e9change n&#8217;est autoris\u00e9.<\/p>\n","protected":false},"excerpt":{"rendered":"<p>Sauf indication contraire dans la description de chaque produit contenu dans ce site, les garanties limit\u00e9es de remplacement des pi\u00e8ces du fabricant commencent \u00e0 la date d&#8217;achat pour tous les produits de climatisation contenus dans ce site Web. La main-d&#8217;\u0153uvre n&#8217;est pas incluse dans la pr\u00e9sente garantie et est express\u00e9ment exclue par la pr\u00e9sente. Toutes [&hellip;]<\/p>\n","protected":false},"author":2,"featured_media":0,"parent":0,"menu_order":0,"comment_status":"closed","ping_status":"closed","template":"","meta":{"_acf_changed":false,"footnotes":""},"class_list":["post-2245","page","type-page","status-publish","hentry"],"acf":[],"_links":{"self":[{"href":"https:\/\/wallmountac.com\/fr\/wp-json\/wp\/v2\/pages\/2245","targetHints":{"allow":["GET"]}}],"collection":[{"href":"https:\/\/wallmountac.com\/fr\/wp-json\/wp\/v2\/pages"}],"about":[{"href":"https:\/\/wallmountac.com\/fr\/wp-json\/wp\/v2\/types\/page"}],"author":[{"embeddable":true,"href":"https:\/\/wallmountac.com\/fr\/wp-json\/wp\/v2\/users\/2"}],"replies":[{"embeddable":true,"href":"https:\/\/wallmountac.com\/fr\/wp-json\/wp\/v2\/comments?post=2245"}],"version-history":[{"count":0,"href":"https:\/\/wallmountac.com\/fr\/wp-json\/wp\/v2\/pages\/2245\/revisions"}],"wp:attachment":[{"href":"https:\/\/wallmountac.com\/fr\/wp-json\/wp\/v2\/media?parent=2245"}],"curies":[{"name":"wp","href":"https:\/\/api.w.org\/{rel}","templated":true}]}}