{"id":2283,"date":"2020-12-14T21:51:08","date_gmt":"2020-12-15T02:51:08","guid":{"rendered":"https:\/\/wallmountac.com\/product\/18000-btu-concealed-duct-air-conditioner-heat-pump-sena-18hf-id\/"},"modified":"2022-02-13T10:16:22","modified_gmt":"2022-02-13T15:16:22","slug":"climatiseur-a-conduit-dissimule-de-18000-btu-pompe-a-chaleur-sena-18hf-id","status":"publish","type":"product","link":"https:\/\/wallmountac.com\/fr\/produit\/climatiseur-a-conduit-dissimule-de-18000-btu-pompe-a-chaleur-sena-18hf-id\/","title":{"rendered":"Climatiseur \u00e0 conduit dissimul\u00e9 de 18000 BTU &#8211; Pompe \u00e0 chaleur &#8211; SENA\/18HF\/ID"},"content":{"rendered":"<p>Ce climatiseur \u00e0 conduit cach\u00e9 de 18000BTU de Senville est l&#8217;un des appareils \u00e0 conduit cach\u00e9 les plus avanc\u00e9s et les plus haut de gamme sur le march\u00e9. Il vous offre une vari\u00e9t\u00e9 de fonctionnalit\u00e9s, y compris, SEER 20, 17000BTU de refroidissement, 1800BTU de pompe \u00e0 chaleur, mode turbo, filtre \u00e0 air ionisant, d\u00e9shumidification, fonction de minuterie, fonction Follow Me et bien plus encore.<\/p>\n<h2>Onduleur DC \u00e0 haut rendement Mini Split<\/h2>\n<p><img loading=\"lazy\" decoding=\"async\" class=\"__mce_add_custom__\" title=\"sgtb-20-seer-mini-split.gif\" src=\"https:\/\/cdn3.bigcommerce.com\/s-2tb0afw6nn\/product_images\/uploaded_images\/sgtb-20-seer-mini-split.gif\" alt=\"sgtb-20-seer-mini-split.gif\" width=\"225\" height=\"75\" \/><\/p>\n<p>Avec des notes SEER allant jusqu&#8217;\u00e0 20, le Senville Aura surpasse de nombreuses grandes marques en termes d&#8217;efficacit\u00e9. Profitez de l&#8217;avantage d&#8217;une pi\u00e8ce fra\u00eeche et climatis\u00e9e, gr\u00e2ce \u00e0 un climatiseur simple et facile \u00e0 installer. De plus, le Senville Aura 18000BTU vous offre l&#8217;un des syst\u00e8mes de climatisation split les plus silencieux du march\u00e9, avec un minimum de bruit audible, vous assurant une exp\u00e9rience globale des plus confortables.<\/p>\n<h2>Certifi\u00e9 Energy Star<\/h2>\n<p><img loading=\"lazy\" decoding=\"async\" class=\"__mce_add_custom__\" title=\"sgtb-energy-star-mini-split.gif\" src=\"https:\/\/cdn3.bigcommerce.com\/s-2tb0afw6nn\/product_images\/uploaded_images\/sgtb-energy-star-mini-split.gif\" alt=\"sgtb-energy-star-mini-split.gif\" width=\"225\" height=\"75\" \/><\/p>\n<p>La s\u00e9rie Senville Aura est \u00e9galement enti\u00e8rement certifi\u00e9e par Energy Star pour les plus hauts niveaux d&#8217;efficacit\u00e9 \u00e9nerg\u00e9tique. Avec des climatiseurs \u00e0 tr\u00e8s haut rendement \u00e9nerg\u00e9tique, vous pouvez vous attendre \u00e0 \u00e9conomiser jusqu&#8217;\u00e0 40 % de vos co\u00fbts \u00e9nerg\u00e9tiques par an. Ce mod\u00e8le est le compagnon id\u00e9al de tous ceux qui cherchent \u00e0 rafra\u00eechir et\/ou chauffer leur maison ou leur entreprise, tout en minimisant les co\u00fbts d&#8217;exploitation \u00e0 long terme.<\/p>\n<h2>Chauffage et refroidissement par onduleur Ultra (jusqu&#8217;\u00e0 -22F)<\/h2>\n<p><img loading=\"lazy\" decoding=\"async\" class=\"__mce_add_custom__\" title=\"sgtb-heat-pump-mini-split.gif\" src=\"https:\/\/cdn3.bigcommerce.com\/s-2tb0afw6nn\/product_images\/uploaded_images\/sgtb-heat-pump-mini-split.gif\" alt=\"sgtb-heat-pump-mini-split.gif\" width=\"225\" height=\"75\" \/><\/p>\n<p>Senville est fier d&#8217;offrir l&#8217;un des syst\u00e8mes de chauffage et de refroidissement les plus avanc\u00e9s au monde. Notre technologie Ultra-Inverter, permet \u00e0 nos mini syst\u00e8mes split de fournir du refroidissement et du chauffage jusqu&#8217;\u00e0 -22F, avec une efficacit\u00e9 allant jusqu&#8217;\u00e0 75%, ce qui signifie que vous n&#8217;aurez pas de surco\u00fbt sur votre \u00e9nergie lorsque les temp\u00e9ratures baissent. D\u00e9sormais disponible sur tous nos mod\u00e8les de la s\u00e9rie AURA, votre syst\u00e8me Ultra-Inverter vous permettra de refroidir et de chauffer toute l&#8217;ann\u00e9e, m\u00eame dans les climats les plus froids.<\/p>\n<h2>Diagnostic et syst\u00e8me de d\u00e9tection des fuites<\/h2>\n<p><img loading=\"lazy\" decoding=\"async\" class=\"__mce_add_custom__\" title=\"sgtb-leak-detect-mini-split.gif\" src=\"https:\/\/cdn3.bigcommerce.com\/s-2tb0afw6nn\/product_images\/uploaded_images\/sgtb-leak-detect-mini-split.gif\" alt=\"sgtb-leak-detect-mini-split.gif\" width=\"225\" height=\"75\" \/><\/p>\n<p>Ce syst\u00e8me sans conduit comporte \u00e9galement diverses fonctions, notamment l&#8217;autonettoyage, la d\u00e9tection des fuites et l&#8217;affichage de diagnostic, toutes con\u00e7ues pour garantir un fonctionnement correct du syst\u00e8me, qui durera toute la vie. Profitez de la tranquillit\u00e9 d&#8217;esprit, sachant que votre climatiseur vous avertira de tout probl\u00e8me potentiel, ce qui permet un entretien ad\u00e9quat et un syst\u00e8me de contr\u00f4le de la climatisation qui fonctionne au maximum de son efficacit\u00e9.<\/p>\n<h2>Technologie d&#8217;onduleur efficace<\/h2>\n<p><img loading=\"lazy\" decoding=\"async\" class=\"__mce_add_custom__\" title=\"sgtb-dc-inverter-mini-split.gif\" src=\"https:\/\/cdn3.bigcommerce.com\/s-2tb0afw6nn\/product_images\/uploaded_images\/sgtb-dc-inverter-mini-split.gif\" alt=\"sgtb-dc-inverter-mini-split.gif\" width=\"225\" height=\"75\" \/><\/p>\n<p>Senville fabrique depuis longtemps ses climatiseurs en mettant l&#8217;accent sur l&#8217;efficacit\u00e9 \u00e9nerg\u00e9tique et le caract\u00e8re abordable. La technologie, comme son compresseur \u00e0 inverseur, permet une r\u00e9duction drastique de la consommation d&#8217;\u00e9nergie, ce qui en fait l&#8217;un des syst\u00e8mes les plus efficaces avec la technologie \u00e0 inverseur. C&#8217;est une technologie comme celle-ci qui permet au syst\u00e8me sans conduit d&#8217;atteindre des taux SEER aussi \u00e9lev\u00e9s. Optez pour un syst\u00e8me split avec la technologie Inverter pour vous assurer de minimiser vos co\u00fbts \u00e9nerg\u00e9tiques.<\/p>\n<h2>Garantie du fabricant<\/h2>\n<p><img loading=\"lazy\" decoding=\"async\" class=\"__mce_add_custom__\" title=\"sgtb-garantie-7-ann\u00e9es.gif\" src=\"https:\/\/cdn3.bigcommerce.com\/s-2tb0afw6nn\/product_images\/uploaded_images\/sgtb-warranty-7-year.gif\" alt=\"sgtb-garantie-7-ann\u00e9es.gif\" width=\"225\" height=\"75\" \/><\/p>\n<p>Tous les mod\u00e8les Senville sont couverts par une garantie compl\u00e8te de 7 ans con\u00e7ue pour prot\u00e9ger votre achat. Toutes les demandes de garantie sont trait\u00e9es par le si\u00e8ge nord-am\u00e9ricain de Senville, ce qui garantit les plus hauts niveaux d&#8217;assistance et de satisfaction de la client\u00e8le. Cette garantie de 7 ans offre une couverture sur le compresseur et une garantie de 3 ans sur les autres pi\u00e8ces. Vous pouvez \u00eatre s\u00fbr que votre achat sera prot\u00e9g\u00e9 pendant 7 ans et nous savons que nous vous fournissons un produit de la plus haute qualit\u00e9.<\/p>\n<h2>Kit d&#8217;installation et accessoires inclus<\/h2>\n<p><img loading=\"lazy\" decoding=\"async\" class=\"__mce_add_custom__\" title=\"sgtb-install-kit-mini-split.gif\" src=\"https:\/\/cdn3.bigcommerce.com\/s-2tb0afw6nn\/product_images\/uploaded_images\/sgtb-install-kit-mini-split.gif\" alt=\"sgtb-install-kit-mini-split.gif\" width=\"225\" height=\"75\" \/><\/p>\n<p>Les climatiseurs Senville comprennent un kit d&#8217;installation gratuit, con\u00e7u pour faciliter l&#8217;installation ainsi que pour minimiser les co\u00fbts d&#8217;installation. Ces unit\u00e9s sont pr\u00e9charg\u00e9es avec du r\u00e9frig\u00e9rant R410A et comprennent la tuyauterie n\u00e9cessaire \u00e0 l&#8217;installation et au branchement. De nombreux climatiseurs split de qualit\u00e9 inf\u00e9rieure ne comportent pas ces pi\u00e8ces, ce qui finit par augmenter vos co\u00fbts. Nos mod\u00e8les Senville sont \u00e9quip\u00e9s et pr\u00eats \u00e0 \u00eatre install\u00e9s d\u00e8s votre arriv\u00e9e \u00e0 votre porte, avec un co\u00fbt suppl\u00e9mentaire minime.<\/p>\n<h3>Caract\u00e9ristiques principales du produit<\/h3>\n<ul>\n<li>20 SEER (CEE niveau 2)<\/li>\n<li>Avec pompe \u00e0 chaleur (jusqu&#8217;\u00e0 -30C \/ -22F)<\/li>\n<li>Certifi\u00e9 Energy Star<\/li>\n<li>Technologie du chuchotement (ultra silencieux)<\/li>\n<li>D\u00e9tection des fuites de frigorig\u00e8nes<\/li>\n<li>Technologie des onduleurs<\/li>\n<li>Filtre \u00e0 ions d&#8217;argent (antimicrobien)<\/li>\n<li>Fonction de balancement vertical<\/li>\n<li>Fonction de d\u00e9shumidification int\u00e9gr\u00e9e<\/li>\n<li>Fonction &#8220;Follow Me&#8221; (t\u00e9l\u00e9commande avec thermostat int\u00e9gr\u00e9)<\/li>\n<li>Refroidissement ambiant faible (jusqu&#8217;\u00e0 -30C \/ -22F)<\/li>\n<li>Mode d&#8217;auto-nettoyage<\/li>\n<li>Ceinture thermique et po\u00eale PTC<\/li>\n<li>Am\u00e9nagement ext\u00e9rieur sans seau<\/li>\n<li>Syst\u00e8me d&#8217;autodiagnostic<\/li>\n<\/ul>\n<h3>Documentation et certifications<\/h3>\n<ul>\n<li>Certifi\u00e9 ENERGY STAR<\/li>\n<li>Certifi\u00e9 ETL<\/li>\n<li>Certifi\u00e9 AHRI<a title=\"Certificat AHRI\" href=\"https:\/\/senville.com\/certificates\/SENA-18HF-AHRI.pdf\" target=\"_blank\" rel=\"noopener\"> (Voir le certificat<\/a>)<\/li>\n<li>EnergyGuide<a title=\"EnergyGuide\" href=\"https:\/\/senville.com\/energuide\/SENA-18HF-Z.pdf\" target=\"_blank\" rel=\"noopener\"> (Voir l&#8217;\u00e9tiquette EnergyGuide<\/a>)<\/li>\n<li>Manuel d&#8217;installation<a title=\"Manuel d&#039;installation\" href=\"https:\/\/senville.com\/content\/manuals\/aura\/concealed-duct-installation-manual.pdf\" target=\"_blank\" rel=\"noopener\"> (Voir le manuel d&#8217;installation<\/a>)<\/li>\n<\/ul>\n<h3>Sp\u00e9cifications techniques<\/h3>\n<table cellspacing=\"0\" cellpadding=\"0\">\n<colgroup>\n<col width=\"152\" \/>\n<col width=\"65\" \/><\/colgroup>\n<tbody>\n<tr>\n<td class=\"xl65\" width=\"233\" height=\"23\">Alimentation \u00e9lectrique V,Hz,Ph<\/td>\n<td width=\"295\">208-230~1-60<\/td>\n<\/tr>\n<tr>\n<td class=\"xl66\" width=\"233\" height=\"23\">Refroidissement<\/td>\n<td><\/td>\n<\/tr>\n<tr>\n<td class=\"xl65\" width=\"233\" height=\"23\">Capacit\u00e9<\/td>\n<td style=\"text-align: left;\" align=\"right\">16500<\/td>\n<\/tr>\n<tr>\n<td height=\"21\">Entr\u00e9e<\/td>\n<td style=\"text-align: left;\" align=\"right\">1320<\/td>\n<\/tr>\n<tr>\n<td height=\"21\">Courant nominal<\/td>\n<td style=\"text-align: left;\" align=\"right\">6<\/td>\n<\/tr>\n<tr>\n<td height=\"21\">EER<\/td>\n<td style=\"text-align: left;\" align=\"right\">12.5<\/td>\n<\/tr>\n<tr>\n<td height=\"21\">SEER<\/td>\n<td style=\"text-align: left;\" align=\"right\">19.6<\/td>\n<\/tr>\n<tr>\n<td class=\"xl67\" height=\"21\">Le chauffage sur 47\u2109<\/td>\n<td><\/td>\n<\/tr>\n<tr>\n<td height=\"21\">Capacit\u00e9<\/td>\n<td style=\"text-align: left;\" align=\"right\">19000<\/td>\n<\/tr>\n<tr>\n<td height=\"21\">Entr\u00e9e<\/td>\n<td style=\"text-align: left;\" align=\"right\">1900<\/td>\n<\/tr>\n<tr>\n<td height=\"21\">Courant nominal<\/td>\n<td style=\"text-align: left;\" align=\"right\">8.7<\/td>\n<\/tr>\n<tr>\n<td height=\"21\">COP<\/td>\n<td style=\"text-align: left;\" align=\"right\">2.9<\/td>\n<\/tr>\n<tr>\n<td height=\"21\">HSPF4<\/td>\n<td style=\"text-align: left;\" align=\"right\">11<\/td>\n<\/tr>\n<tr>\n<td height=\"21\">HSPF5<\/td>\n<td style=\"text-align: left;\" align=\"right\">9.3<\/td>\n<\/tr>\n<tr>\n<td height=\"21\">Ampacit\u00e9 minimale du circuit<\/td>\n<td style=\"text-align: left;\" align=\"right\">18<\/td>\n<\/tr>\n<tr>\n<td height=\"21\">Fusible max.<\/td>\n<td style=\"text-align: left;\" align=\"right\">20<\/td>\n<\/tr>\n<tr>\n<td class=\"xl67\" height=\"21\">Moteur du ventilateur int\u00e9rieur<\/td>\n<td><\/td>\n<\/tr>\n<tr>\n<td height=\"21\">Mod\u00e8le<\/td>\n<td>ZKFN-160-8-1-2<\/td>\n<\/tr>\n<tr>\n<td height=\"21\">Qt\u00e9<\/td>\n<td style=\"text-align: left;\" align=\"right\">1<\/td>\n<\/tr>\n<tr>\n<td height=\"21\">Entr\u00e9e<\/td>\n<td style=\"text-align: left;\" align=\"right\">90<\/td>\n<\/tr>\n<tr>\n<td height=\"21\">RLA<\/td>\n<td style=\"text-align: left;\" align=\"right\">1.2<\/td>\n<\/tr>\n<tr>\n<td height=\"21\">LRA<\/td>\n<td>\/<\/td>\n<\/tr>\n<tr>\n<td height=\"21\">R\u00e9sistance \u00e0 l&#8217;enroulement<\/td>\n<td>\/<\/td>\n<\/tr>\n<tr>\n<td height=\"21\">Condensateur<\/td>\n<td>\/<\/td>\n<\/tr>\n<tr>\n<td height=\"21\">Vitesse<\/td>\n<td>850\/700\/450<\/td>\n<\/tr>\n<tr>\n<td height=\"21\">D\u00e9bit d&#8217;air int\u00e9rieur (Hi\/Med\/Lo) (sans conduit) r\/min<\/td>\n<td>900\/765\/630<\/td>\n<\/tr>\n<tr>\n<td height=\"21\">D\u00e9bit d&#8217;air int\u00e9rieur (Hi\/Med\/Lo) (sans conduit) m3\/h<\/td>\n<td>530\/450\/371<\/td>\n<\/tr>\n<tr>\n<td class=\"xl67\" height=\"21\">ESP<\/td>\n<td><\/td>\n<\/tr>\n<tr>\n<td height=\"21\">Gamme<\/td>\n<td>0-100<\/td>\n<\/tr>\n<tr>\n<td height=\"21\">Gamme<\/td>\n<td>0&#8211;0.40<\/td>\n<\/tr>\n<tr>\n<td height=\"21\">Niveau de bruit int\u00e9rieur (Hi\/Med\/Lo)<\/td>\n<td>39\/37\/35<\/td>\n<\/tr>\n<tr>\n<td class=\"xl67\" height=\"21\">Unit\u00e9 int\u00e9rieure<\/td>\n<td><\/td>\n<\/tr>\n<tr>\n<td height=\"21\">Dimension (LxPxH) mm<\/td>\n<td>880x674x210<\/td>\n<\/tr>\n<tr>\n<td height=\"21\">Dimension (LxPxH) pouce<\/td>\n<td>34.65&#215;28.53&#215;8.27<\/td>\n<\/tr>\n<tr>\n<td height=\"21\">Emballage(LxPxH) mm<\/td>\n<td>1070x725x270<\/td>\n<\/tr>\n<tr>\n<td height=\"21\">Emballage(LxPxH) pouce<\/td>\n<td>42.13&#215;28.53&#215;10.63<\/td>\n<\/tr>\n<tr>\n<td height=\"21\">Poids net\/brut kg<\/td>\n<td>24.5\/30<\/td>\n<\/tr>\n<tr>\n<td height=\"21\">Poids net\/brut en livres.<\/td>\n<td>54\/66<\/td>\n<\/tr>\n<tr>\n<td height=\"21\">La pression de la conception<\/td>\n<td>550\/340<\/td>\n<\/tr>\n<tr>\n<td height=\"21\">Diam\u00e8tre de la conduite d&#8217;eau de drainage<\/td>\n<td>OD\u03a625<\/td>\n<\/tr>\n<tr>\n<td class=\"xl67\" height=\"21\">Tuyauterie frigorifique<\/td>\n<td><\/td>\n<\/tr>\n<tr>\n<td height=\"21\">C\u00f4t\u00e9 liquide \/ c\u00f4t\u00e9 gaz mm<\/td>\n<td>\u03a69.35\/\u03a69.52(1\/4&#8243;\/3\/8&#8243;)<\/td>\n<\/tr>\n<tr>\n<td height=\"21\">Contr\u00f4leur<\/td>\n<td>Contr\u00f4le c\u00e2bl\u00e9<\/td>\n<\/tr>\n<tr>\n<td class=\"xl67\" height=\"21\">Temp\u00e9rature ambiante<\/td>\n<td><\/td>\n<\/tr>\n<tr>\n<td height=\"21\">Refroidissement \u2103<\/td>\n<td>17\uff5e32<\/td>\n<\/tr>\n<tr>\n<td height=\"21\">Refroidissement \u2109<\/td>\n<td>62\uff5e90<\/td>\n<\/tr>\n<tr>\n<td height=\"21\">Chauffage \u2103<\/td>\n<td>0\uff5e30<\/td>\n<\/tr>\n<tr>\n<td height=\"21\">Chauffage \u2109<\/td>\n<td>32\uff5e86<\/td>\n<\/tr>\n<tr>\n<td height=\"21\">Temp\u00e9rature de fonctionnement \u2103<\/td>\n<td>17~30<\/td>\n<\/tr>\n<tr>\n<td height=\"21\">Temp\u00e9rature de fonctionnement \u2109<\/td>\n<td>62~86<\/td>\n<\/tr>\n<tr>\n<td height=\"21\">Domaine d&#8217;application (norme de refroidissement)<\/td>\n<td>24-35<\/td>\n<\/tr>\n<tr>\n<td height=\"21\">Domaine d&#8217;application (norme de refroidissement)<\/td>\n<td>258-376<\/td>\n<\/tr>\n<tr>\n<td height=\"21\">Qt\u00e9 &#8216;par 20&#8242; \/40&#8217; \/40&#8217;HQ<\/td>\n<td>120\/264\/297<\/td>\n<\/tr>\n<\/tbody>\n<\/table>\n","protected":false},"excerpt":{"rendered":"<p>Ce climatiseur \u00e0 conduit cach\u00e9 de 18000BTU de Senville est l&#8217;un des appareils \u00e0 conduit cach\u00e9 les plus avanc\u00e9s et les plus haut de gamme sur le march\u00e9. Il vous offre une vari\u00e9t\u00e9 de fonctionnalit\u00e9s, y compris, SEER 20, 17000BTU de refroidissement, 1800BTU de pompe \u00e0 chaleur, mode turbo, filtre \u00e0 air ionisant, d\u00e9shumidification, fonction de minuterie, fonction Follow Me et bien plus encore.<\/p>\n","protected":false},"featured_media":1946,"comment_status":"open","ping_status":"closed","template":"","meta":{"_acf_changed":false},"product_brand":[],"product_cat":[84,81,170,98,92,91,94,95,93,96],"product_tag":[],"class_list":{"0":"post-2283","1":"product","2":"type-product","3":"status-publish","4":"has-post-thumbnail","6":"product_cat-18000-btu-fr","7":"product_cat-btu-fr","8":"product_cat-conduit-cache-fr","9":"product_cat-conduit-cache","10":"product_cat-double-zone","11":"product_cat-multi-zone-fr","12":"product_cat-quad-zone-fr","13":"product_cat-tri-zone-fr","14":"product_cat-zone-des-cinq","15":"product_cat-zone-unique","16":"pa_ft-16-po","17":"pa_ft-25-po","18":"pa_ft-50-po","20":"first","21":"instock","22":"taxable","23":"shipping-taxable","24":"purchasable","25":"product-type-variable"},"acf":[],"_links":{"self":[{"href":"https:\/\/wallmountac.com\/fr\/wp-json\/wp\/v2\/product\/2283","targetHints":{"allow":["GET"]}}],"collection":[{"href":"https:\/\/wallmountac.com\/fr\/wp-json\/wp\/v2\/product"}],"about":[{"href":"https:\/\/wallmountac.com\/fr\/wp-json\/wp\/v2\/types\/product"}],"replies":[{"embeddable":true,"href":"https:\/\/wallmountac.com\/fr\/wp-json\/wp\/v2\/comments?post=2283"}],"wp:featuredmedia":[{"embeddable":true,"href":"https:\/\/wallmountac.com\/fr\/wp-json\/wp\/v2\/media\/1946"}],"wp:attachment":[{"href":"https:\/\/wallmountac.com\/fr\/wp-json\/wp\/v2\/media?parent=2283"}],"wp:term":[{"taxonomy":"product_brand","embeddable":true,"href":"https:\/\/wallmountac.com\/fr\/wp-json\/wp\/v2\/product_brand?post=2283"},{"taxonomy":"product_cat","embeddable":true,"href":"https:\/\/wallmountac.com\/fr\/wp-json\/wp\/v2\/product_cat?post=2283"},{"taxonomy":"product_tag","embeddable":true,"href":"https:\/\/wallmountac.com\/fr\/wp-json\/wp\/v2\/product_tag?post=2283"}],"curies":[{"name":"wp","href":"https:\/\/api.w.org\/{rel}","templated":true}]}}