{"id":2364,"date":"2020-12-14T21:51:11","date_gmt":"2020-12-15T02:51:11","guid":{"rendered":"https:\/\/wallmountac.com\/product\/36000-btu-mini-split-air-conditioner-heat-pump-sena-36hf\/"},"modified":"2026-01-20T03:18:00","modified_gmt":"2026-01-20T08:18:00","slug":"36000-btu-mini-split-climatiseur-pompe-a-chaleur-sena-36hf","status":"publish","type":"product","link":"https:\/\/wallmountac.com\/fr\/produit\/36000-btu-mini-split-climatiseur-pompe-a-chaleur-sena-36hf\/","title":{"rendered":"Climatiseur Mini Split 36000 BTU &#8211; Pompe \u00e0 chaleur &#8211; SENA\/36HF"},"content":{"rendered":"<p>Ce climatiseur sans conduit 36000BTU de Senville est l&#8217;un des climatiseurs split les plus avanc\u00e9s et les plus haut de gamme sur le march\u00e9. Il vous offre une vari\u00e9t\u00e9 de caract\u00e9ristiques, y compris le refroidissement SEER 16 36000BTU, la thermopompe 3600BTU, le mode Turbo, le filtre \u00e0 air ionisant, la d\u00e9shumidification, la fonction de minuterie, la fonction Follow Me et bien plus encore.<\/p>\n<h4>Mini Split \u00e0 convertisseur DC \u00e0 haut rendement<\/h4>\n<p>Avec des indices SEER allant jusqu&#8217;\u00e0 16, le Senville Aura surpasse de nombreuses marques de renom en mati\u00e8re d&#8217;efficacit\u00e9. Profitez d&#8217;une pi\u00e8ce fra\u00eeche et climatis\u00e9e gr\u00e2ce \u00e0 un climatiseur simple et facile \u00e0 installer. De plus, le Senville Aura 36000BTU vous offre l&#8217;un des syst\u00e8mes de climatisation split les plus silencieux du march\u00e9, avec un minimum de bruit audible, garantissant une exp\u00e9rience globale des plus confortables.<\/p>\n<h4>WiFi activ\u00e9<\/h4>\n<p>Profitez de l&#8217;avantage de pouvoir contr\u00f4ler votre climatiseur mini split depuis pratiquement n&#8217;importe quel endroit du monde. Compatible WiFi, la s\u00e9rie AURA est compatible WiFi et peut \u00eatre contr\u00f4l\u00e9e \u00e0 distance avec n&#8217;importe quel t\u00e9l\u00e9phone Android ou iOS, via une connexion WiFi. Contr\u00f4lez vos param\u00e8tres de temp\u00e9rature depuis le bureau ou en d\u00e9placement pour plus d&#8217;efficacit\u00e9 et un meilleur contr\u00f4le, tant que vous disposez d&#8217;une connexion Internet. Id\u00e9al pour les maisons de vacances ou pour une meilleure efficacit\u00e9 et un meilleur contr\u00f4le de la temp\u00e9rature.<\/p>\n<h4>Chauffage et refroidissement Ultra Inverter (jusqu&#8217;\u00e0 -15C)<\/h4>\n<p>Senville est fier d&#8217;offrir l&#8217;un des syst\u00e8mes de chauffage et de refroidissement les plus avanc\u00e9s au monde. Notre technologie Ultra-Inverter permet \u00e0 nos syst\u00e8mes mini split de refroidir et de chauffer jusqu&#8217;\u00e0 -15\u00b0C, avec une efficacit\u00e9 de 75%, ce qui signifie que vous ne subirez pas de surco\u00fbt sur votre \u00e9nergie lorsque les temp\u00e9ratures baissent. D\u00e9sormais disponible sur tous nos mod\u00e8les de la s\u00e9rie AURA, votre syst\u00e8me Ultra Inverter vous fournira climatisation et chauffage tout au long de l&#8217;ann\u00e9e, m\u00eame dans les climats les plus froids.<\/p>\n<h4>Syst\u00e8me de diagnostic et de d\u00e9tection des fuites<\/h4>\n<p>Ce syst\u00e8me sans conduit est \u00e9galement dot\u00e9 d&#8217;une s\u00e9rie de fonctions, notamment l&#8217;autonettoyage, la d\u00e9tection des fuites et l&#8217;affichage du diagnostic, toutes con\u00e7ues pour garantir le bon fonctionnement du syst\u00e8me, qui durera toute une vie. Vous aurez l&#8217;esprit tranquille, sachant que votre climatiseur vous avertira de tout probl\u00e8me potentiel, ce qui vous permettra de l&#8217;entretenir correctement et de b\u00e9n\u00e9ficier d&#8217;un syst\u00e8me de climatisation qui fonctionne avec une efficacit\u00e9 maximale.<\/p>\n<h4>Technologie d&#8217;onduleur efficace<\/h4>\n<p>Senville fabrique depuis longtemps ses climatiseurs en mettant l&#8217;accent sur l&#8217;efficacit\u00e9 \u00e9nerg\u00e9tique et le prix. Des technologies telles que le compresseur \u00e0 inverseur permettent de r\u00e9duire consid\u00e9rablement la consommation d&#8217;\u00e9nergie, ce qui en fait l&#8217;un des syst\u00e8mes les plus efficaces dot\u00e9s de la technologie \u00e0 inverseur. C&#8217;est cette technologie qui permet au syst\u00e8me sans conduit d&#8217;atteindre des valeurs SEER aussi \u00e9lev\u00e9es. Optez pour un syst\u00e8me split dot\u00e9 de la technologie Inverter afin de r\u00e9duire au maximum vos co\u00fbts \u00e9nerg\u00e9tiques.<\/p>\n<h4>Garantie du fabricant<\/h4>\n<p>Tous les mod\u00e8les Senville b\u00e9n\u00e9ficient d&#8217;une garantie compl\u00e8te de 7 ans destin\u00e9e \u00e0 prot\u00e9ger votre achat. Toutes les demandes de garantie sont trait\u00e9es par le si\u00e8ge nord-am\u00e9ricain de Senville, ce qui garantit les plus hauts niveaux d&#8217;assistance et de satisfaction de la client\u00e8le. Cette garantie de 7 ans couvre le compresseur et de 3 ans les autres pi\u00e8ces. Vous pouvez \u00eatre rassur\u00e9 en sachant que votre achat sera prot\u00e9g\u00e9 jusqu&#8217;\u00e0 7 ans, et nous savons que nous vous fournissons un produit de la plus haute qualit\u00e9 disponible.<\/p>\n<h4>Kit d&#8217;installation et accessoires inclus<\/h4>\n<p>Les climatiseurs Senville comprennent un kit d&#8217;installation gratuit, con\u00e7u pour faciliter l&#8217;installation et minimiser les co\u00fbts d&#8217;installation. Ces unit\u00e9s sont pr\u00e9-charg\u00e9es avec le r\u00e9frig\u00e9rant R410A et comprennent la tuyauterie n\u00e9cessaire \u00e0 l&#8217;installation et au branchement. Beaucoup d&#8217;unit\u00e9s split de qualit\u00e9 inf\u00e9rieure n&#8217;incluent pas ces pi\u00e8ces, ce qui augmente les co\u00fbts. Nos mod\u00e8les Senville sont \u00e9quip\u00e9s et pr\u00eats \u00e0 \u00eatre install\u00e9s d\u00e8s leur arriv\u00e9e \u00e0 votre porte, avec un co\u00fbt suppl\u00e9mentaire minime. Le c\u00e2blage \u00e9lectrique standard peut \u00eatre fourni par l&#8217;installateur ou achet\u00e9 dans une quincaillerie locale. Veuillez vous r\u00e9f\u00e9rer aux sp\u00e9cifications techniques pour conna\u00eetre la taille et les caract\u00e9ristiques des fils.<\/p>\n<h4>Caract\u00e9ristiques principales du produit<\/h4>\n<ul>\n<li>16 SEER (CEE Tier 2)<\/li>\n<li>Avec pompe \u00e0 chaleur (jusqu&#8217;\u00e0 -15C \/ -5F)<\/li>\n<li>Technologie Whisper (ultra silencieuse)<\/li>\n<li>D\u00e9tection des fuites de r\u00e9frig\u00e9rant<\/li>\n<li>Technologie des onduleurs<\/li>\n<li>Filtre \u00e0 ions d&#8217;argent (antimicrobien)<\/li>\n<li>Fonction de pivotement vertical<\/li>\n<li>Fonction de d\u00e9shumidification int\u00e9gr\u00e9e<\/li>\n<li>Fonction Follow Me (t\u00e9l\u00e9commande avec thermostat int\u00e9gr\u00e9)<\/li>\n<li>Refroidissement \u00e0 basse temp\u00e9rature ambiante (jusqu&#8217;\u00e0 -15C \/ -5F)<\/li>\n<li>Mode autonettoyant<\/li>\n<li>Ceinture chauffante PTC et po\u00eale<\/li>\n<li>Seau libre Design ext\u00e9rieur<\/li>\n<li>Syst\u00e8me d&#8217;autodiagnostic<\/li>\n<li>Vid\u00e9o du produit<\/li>\n<li>Documentation et certifications<\/li>\n<li>Certifi\u00e9 ETL<\/li>\n<li>Certifi\u00e9 AHRI (Voir le certificat)<\/li>\n<li>EnergyGuide (Voir l&#8217;\u00e9tiquette EnergyGuide)<\/li>\n<li>Manuel d&#8217;installation (Voir le manuel d&#8217;installation)<\/li>\n<li>Sp\u00e9cifications techniques<\/li>\n<li>Num\u00e9ro de mod\u00e8le SENA\/36HF<\/li>\n<li>Alimentation (Ph-V-Hz) 208-230V\u00ef\u00bd\u017e60Hz , 1Ph<\/li>\n<li>Refroidissement (plage) 36000<\/li>\n<li>EER BTU\/W 8,6<\/li>\n<li>SEER BTU\/W 16<\/li>\n<li>Chauffage (plage) 36000<\/li>\n<li>COP W\/W 2,55<\/li>\n<li>HSPF4 8.5<\/li>\n<li>HSPF5 7<\/li>\n<li>Ampacit\u00e9 minimale du circuit (A) 25<\/li>\n<li>Max. Fusible (A) 30<\/li>\n<li>Unit\u00e9 int\u00e9rieure<\/li>\n<li>Dimension (L*P*H) mm 1186x258x343<\/li>\n<li>Dimension (L*P*H) en pouces 46.69&#215;10.16&#215;13.39<\/li>\n<li>Emballage (L*P*H) mm 1265x340x420<\/li>\n<li>Emballage (L*P*H) pouces 49.80&#215;13.39&#215;16.53<\/li>\n<li>Poids net\/brut Kg. 18.2\/22.8<\/li>\n<li>Poids net\/brut lbs. 40.12\/50.26<\/li>\n<li>Type de r\u00e9frig\u00e9rant R410A<\/li>\n<li>Pr\u00e9charge de r\u00e9frig\u00e9rant ft 59<\/li>\n<li>Frais suppl\u00e9mentaires pour chaque pied d&#8217;oz 0,161<\/li>\n<li>Max. Longueur combin\u00e9e ft. 60<\/li>\n<li>Max. Longueur combin\u00e9e m. 197<\/li>\n<li>Max. Longueur par unit\u00e9 int\u00e9rieure m. 30<\/li>\n<li>Max. Longueur par unit\u00e9 int\u00e9rieure ft. 98<\/li>\n<li>Max. Longueur par unit\u00e9 int\u00e9rieure m. 15<\/li>\n<li>Max. Diff\u00e9rence de hauteur entre l&#8217;unit\u00e9 int\u00e9rieure et l&#8217;unit\u00e9 ext\u00e9rieure ft. 49<\/li>\n<li>Niveau de bruit ext\u00e9rieur 59<\/li>\n<li>Unit\u00e9 ext\u00e9rieure<\/li>\n<li>Dimensions (L*P*H) mm 946x410x810<\/li>\n<li>Dimension(L*P*H) pouce 37.24\/16.14\/31.89<\/li>\n<li>Emballage (L*P*H) mm 1090x500x875<\/li>\n<li>Emballage (L*P*H) pouces 42.91&#215;19.69&#215;34.45<\/li>\n<li>Poids net\/brut kg 66.0\/71.8<\/li>\n<li>Poids net\/brut lbs. 145.5\/158.3<\/li>\n<li>Type de r\u00e9frig\u00e9rant g R410A\/3400<\/li>\n<li>Type de r\u00e9frig\u00e9rant oz R410A\/120<\/li>\n<li>Pr\u00e9charge de r\u00e9frig\u00e9rant ft 25<\/li>\n<li>Frais suppl\u00e9mentaires pour chaque pied d&#8217;oz. 3\/8&#8243; &amp; 5\/8&#8243;<\/li>\n<li>Tuyauterie de fluide frigorig\u00e8ne<\/li>\n<li>C\u00f4t\u00e9 liquide\/c\u00f4t\u00e9 gaz pouces 3\/8&#8243; &amp; 5\/8&#8243;<\/li>\n<li>Max. longueur du tuyau de r\u00e9frig\u00e9rant m 65<\/li>\n<li>Max. longueur de la tuyauterie du fluide frigorig\u00e8ne ft 213<\/li>\n<li>Max. diff\u00e9rence de niveau m 30<\/li>\n<li>Max. diff\u00e9rence de niveau ft 98<\/li>\n<li>C\u00e2blage de connexion 16AWG*4 Torsad\u00e9, non blind\u00e9<\/li>\n<\/ul>\n","protected":false},"excerpt":{"rendered":"<p>Ce climatiseur sans conduit 36000BTU de Senville est l&#8217;un des climatiseurs split les plus avanc\u00e9s et les plus haut de gamme sur le march\u00e9. Il vous offre une vari\u00e9t\u00e9 de caract\u00e9ristiques, y compris le refroidissement SEER 16 36000BTU, la pompe \u00e0 chaleur 3600BTU, le mode Turbo, le filtre \u00e0 air ionisant, la d\u00e9shumidification, la fonction de minuterie, la fonction Follow Me et bien d&#8217;autres encore.<\/p>\n","protected":false},"featured_media":1966,"comment_status":"open","ping_status":"closed","template":"","meta":{"_acf_changed":false},"product_brand":[],"product_cat":[87,81,90,172,96],"product_tag":[],"class_list":{"0":"post-2364","1":"product","2":"type-product","3":"status-publish","4":"has-post-thumbnail","6":"product_cat-36000-btu-fr","7":"product_cat-btu-fr","8":"product_cat-mini-split-ac-fr","9":"product_cat-montage-au-mur-fr","10":"product_cat-zone-unique","11":"pa_ft-16-po","12":"pa_ft-25-po","13":"pa_ft-50-po","15":"first","16":"instock","17":"taxable","18":"shipping-taxable","19":"purchasable","20":"product-type-variable"},"acf":[],"_links":{"self":[{"href":"https:\/\/wallmountac.com\/fr\/wp-json\/wp\/v2\/product\/2364","targetHints":{"allow":["GET"]}}],"collection":[{"href":"https:\/\/wallmountac.com\/fr\/wp-json\/wp\/v2\/product"}],"about":[{"href":"https:\/\/wallmountac.com\/fr\/wp-json\/wp\/v2\/types\/product"}],"replies":[{"embeddable":true,"href":"https:\/\/wallmountac.com\/fr\/wp-json\/wp\/v2\/comments?post=2364"}],"wp:featuredmedia":[{"embeddable":true,"href":"https:\/\/wallmountac.com\/fr\/wp-json\/wp\/v2\/media\/1966"}],"wp:attachment":[{"href":"https:\/\/wallmountac.com\/fr\/wp-json\/wp\/v2\/media?parent=2364"}],"wp:term":[{"taxonomy":"product_brand","embeddable":true,"href":"https:\/\/wallmountac.com\/fr\/wp-json\/wp\/v2\/product_brand?post=2364"},{"taxonomy":"product_cat","embeddable":true,"href":"https:\/\/wallmountac.com\/fr\/wp-json\/wp\/v2\/product_cat?post=2364"},{"taxonomy":"product_tag","embeddable":true,"href":"https:\/\/wallmountac.com\/fr\/wp-json\/wp\/v2\/product_tag?post=2364"}],"curies":[{"name":"wp","href":"https:\/\/api.w.org\/{rel}","templated":true}]}}