{"id":2379,"date":"2020-12-14T21:51:11","date_gmt":"2020-12-15T02:51:11","guid":{"rendered":"https:\/\/wallmountac.com\/product\/28000-btu-tri-zone-mini-split-air-conditioner-heat-pump-sena-30hf-t\/"},"modified":"2025-06-19T09:15:20","modified_gmt":"2025-06-19T14:15:20","slug":"28000-btu-dual-zone-mini-split-climatiseur-pompe-a-chaleur-sena-30hf-d","status":"publish","type":"product","link":"https:\/\/wallmountac.com\/fr\/produit\/28000-btu-dual-zone-mini-split-climatiseur-pompe-a-chaleur-sena-30hf-d\/","title":{"rendered":"28000 BTU Climatiseur \/ Thermopompe Mini Split \u00e0 deux zones &#8211; SENA\/30HF\/D"},"content":{"rendered":"<p>Le Senville SENA-28HF\/D est un climatiseur et une thermopompe (Thermo Pump) sans conduit \u00e0 deux zones de 28 000 BTU avec inverseur. Il est certifi\u00e9 ENERGY STAR et b\u00e9n\u00e9ficie d&#8217;une garantie fabricant de 10 ans sur le compresseur. Il offre \u00e9galement les caract\u00e9ristiques suivantes :<\/p>\n<ul>\n<li><em>23,8 SEER (CEE Tier 3) Technologie Inverter (\u00e9conomies de 56 % par an par rapport \u00e0 10 SEER)<\/em><\/li>\n<li><em>Climatiseur avec pompe \u00e0 chaleur arctique (jusqu&#8217;\u00e0 -30\u00b0C \/ -22\u00b0F). Id\u00e9al pour les climats canadiens !<\/em><\/li>\n<li><em>Compatible WiFi (iOS &amp; Android)<\/em><\/li>\n<li><em>Technologie Whisper (ultra silencieuse)<\/em><\/li>\n<li><em>Filtre \u00e0 ions d&#8217;argent (antimicrobien)<\/em><\/li>\n<li><em>Fonction de pivotement vertical, d\u00e9tection des fuites de r\u00e9frig\u00e9rant<\/em><\/li>\n<li><em>Fonction de d\u00e9shumidification int\u00e9gr\u00e9e<\/em><\/li>\n<li><em>Fonction Follow Me (t\u00e9l\u00e9commande avec thermostat int\u00e9gr\u00e9)<\/em><\/li>\n<li><em>Mode autonettoyant<\/em><\/li>\n<li><em>Ceinture chauffante PTC et po\u00eale<\/em><\/li>\n<li><em>Seau libre Design ext\u00e9rieur<\/em><\/li>\n<li><em>Syst\u00e8me d&#8217;autodiagnostic<\/em><\/li>\n<li><em>Refroidissement \u00e0 basse temp\u00e9rature<\/em><\/li>\n<li><em>Recommand\u00e9 pour les pi\u00e8ces de 1150-1350 m\u00b2. ft.<\/em><\/li>\n<li><em>Certifi\u00e9 Energy Star &#8211; pourrait vous permettre d&#8217;\u00e9conomiser jusqu&#8217;\u00e0 50 % de vos co\u00fbts \u00e9nerg\u00e9tiques annuels<\/em>.<\/li>\n<\/ul>\n<h4>Compatible avec Alexa<\/h4>\n<p>Contr\u00f4lez votre appareil avec l&#8217;application Alexa ou par commande vocale \u00e0 l&#8217;aide d&#8217;un appareil compatible Alexa. D\u00e9finissez des routines, contr\u00f4lez plusieurs pi\u00e8ces de n&#8217;importe o\u00f9 \u00e0 distance avec n&#8217;importe quel t\u00e9l\u00e9phone Android ou iOS, via une connexion WiFi. Id\u00e9al pour les maisons de vacances ou pour une meilleure efficacit\u00e9 et un meilleur contr\u00f4le de la temp\u00e9rature. Ce mod\u00e8le est id\u00e9al pour tous ceux qui souhaitent refroidir et\/ou chauffer leur maison ou leur entreprise \u00e0 distance, tout en minimisant les co\u00fbts d&#8217;exploitation.<\/p>\n<h4>Chauffage et refroidissement \u00e0 tr\u00e8s haute efficacit\u00e9 (jusqu&#8217;\u00e0 -30\u00b0C\/ 22\u00b0F)<\/h4>\n<p>Senville propose l&#8217;un des syst\u00e8mes de chauffage et de refroidissement les plus avanc\u00e9s au monde. La technologie Ultra-Inverter permet aux syst\u00e8mes mini split de refroidir et de chauffer jusqu&#8217;\u00e0 -30\u00b0C\/ -22\u00b0F, avec une efficacit\u00e9 de 75%, ce qui signifie que vous ne subirez pas de surco\u00fbt sur votre \u00e9nergie lorsque les temp\u00e9ratures baissent.<\/p>\n<h4>Syst\u00e8me de diagnostic et de d\u00e9tection des fuites<\/h4>\n<p>Ce syst\u00e8me sans conduit est \u00e9galement dot\u00e9 d&#8217;une s\u00e9rie de fonctions, notamment l&#8217;autonettoyage, la d\u00e9tection des fuites et l&#8217;affichage du diagnostic, toutes con\u00e7ues pour garantir un bon fonctionnement du syst\u00e8me pendant toute sa dur\u00e9e de vie. Ayez l&#8217;esprit tranquille en sachant que votre climatiseur vous avertit de tout probl\u00e8me potentiel.<\/p>\n<h4>Onduleur \u00e0 tr\u00e8s haut rendement<\/h4>\n<p>Senville fabrique depuis longtemps ses climatiseurs en mettant l&#8217;accent sur l&#8217;efficacit\u00e9 \u00e9nerg\u00e9tique et le prix. Des technologies telles que le compresseur \u00e0 inverseur permettent de r\u00e9duire consid\u00e9rablement la consommation d&#8217;\u00e9nergie, ce qui en fait l&#8217;un des syst\u00e8mes les plus efficaces dot\u00e9s de la technologie \u00e0 inverseur.<\/p>\n<h4>Garantie du fabricant<\/h4>\n<p>Les mod\u00e8les Senville Aura (s\u00e9rie Q) b\u00e9n\u00e9ficient d\u00e9sormais d&#8217;une<strong> garantie<\/strong> compl\u00e8te<strong> de 10 ans<\/strong> sur les compresseurs. Toutes les demandes de garantie sont trait\u00e9es par le si\u00e8ge social canadien de Senville, ce qui garantit les plus hauts niveaux de soutien et de satisfaction de la client\u00e8le. La garantie offre \u00e9galement une garantie de 5 ans sur les pi\u00e8ces.<\/p>\n<h4>Kit d&#8217;installation et accessoires inclus<\/h4>\n<p>Les climatiseurs Senville comprennent un kit d&#8217;installation 16\u2032 gratuit, con\u00e7u pour faciliter l&#8217;installation et minimiser les co\u00fbts d&#8217;installation. Ces unit\u00e9s sont pr\u00e9-charg\u00e9es avec le r\u00e9frig\u00e9rant R410A et comprennent la tuyauterie n\u00e9cessaire \u00e0 l&#8217;installation et au branchement.  <strong>**Installation professionnelle et aspiration de l&#8217;ensemble de la ligne requise**<\/strong><\/p>\n<h4>Documentation et certifications<\/h4>\n<ul>\n<li>Certifi\u00e9 ENERGY STAR<\/li>\n<li>Certifi\u00e9 UL<\/li>\n<li>Guide de l&#8217;\u00e9nergie<\/li>\n<li>Certifi\u00e9 AHRI<\/li>\n<li>Manuel d&#8217;installation <a href=\"https:\/\/wallmountac.com\/wp-content\/uploads\/2022\/09\/aura-installation-manual-Q.pdf\">(Voir le manuel d&#8217;installation)<\/a><\/li>\n<\/ul>\n<h4>Sp\u00e9cifications techniques<\/h4>\n<ul>\n<li>Num\u00e9ro de mod\u00e8le : SENA-30HF-MOQ<\/li>\n<li>Style : Mini splits sans conduits avec pompe \u00e0 chaleur<\/li>\n<li>Nombre de zones : 2-3<\/li>\n<li>  Alimentation \u00e9lectrique : 208\/230V, 1Ph, 60Hz<\/li>\n<li>Plage de tension : 187-253 V<\/li>\n<li>SEER : 23,8<\/li>\n<li>EER : 12,5<\/li>\n<li>Refroidissement (plage) : 9838~30438<\/li>\n<li>Entr\u00e9e : 2240W<\/li>\n<li>Courant nominal : 11 A<\/li>\n<li>Chauffage (plage) : 8218~31000<\/li>\n<li>Entr\u00e9e : 2200 W<\/li>\n<li>Courant nominal : 10,5 A<\/li>\n<li>HSPF4 : 10,5<\/li>\n<li>HSPF5 : 8,8<\/li>\n<li>COP L\/H : 3,73<\/li>\n<li>Ampacit\u00e9 minimale du circuit : 24,5 A<\/li>\n<li>Max. Fusible : 30 A<\/li>\n<li>Dimensions ext\u00e9rieures : (L x P x H) (in.) : 37.24 x 16.14 x31.89\u2033.<\/li>\n<li>Niveau sonore ext\u00e9rieur : 61 dB<\/li>\n<li>D\u00e9bit d&#8217;air ext\u00e9rieur (Max) : 2129.41 CFM<\/li>\n<li>Dimensions int\u00e9rieures : (L x P x H) (in.) : 33.40 x 9.18 x 11.76\u2033 (pouces)<\/li>\n<li>Type de r\u00e9frig\u00e9rant : R410A\/ 91.7 Oz<\/li>\n<li>Pr\u00e9charge de r\u00e9frig\u00e9rant : 75Ft.<\/li>\n<li>Type de thermostat : T\u00e9l\u00e9commande<\/li>\n<li>Fonctionne avec Alexa : Oui<\/li>\n<li>Garantie : 10 ans pour le compresseur \/ 5 ans pour les pi\u00e8ces<\/li>\n<\/ul>\n","protected":false},"excerpt":{"rendered":"<p>Le Senville SENA-28HF\/D est un climatiseur mini split sans conduit \u00e0 deux zones de 28 000 BTU et une thermopompe qui est certifi\u00e9 ENERGY STAR et qui peut chauffer jusqu&#8217;\u00e0 -30 \u00b0C.<\/p>\n","protected":false},"featured_media":3236,"comment_status":"open","ping_status":"closed","template":"","meta":{"_acf_changed":false},"product_brand":[],"product_cat":[86,160,101,81,92,90,91,163],"product_tag":[],"class_list":{"0":"post-2379","1":"product","2":"type-product","3":"status-publish","4":"has-post-thumbnail","6":"product_cat-28000-btu-fr","7":"product_cat-30000-btu-fr","8":"product_cat-aura-ultra-haute-efficacite","9":"product_cat-btu-fr","10":"product_cat-double-zone","11":"product_cat-mini-split-ac-fr","12":"product_cat-multi-zone-fr","13":"product_cat-montage-au-mur","14":"pa_ft-16-po-incl-2-kit","15":"pa_ft-25-po","16":"pa_ft-25-po-upgrade-2-kit","17":"pa_ft-50-po-upgrade-2-kit","18":"pa_ft-50-po","20":"first","21":"instock","22":"taxable","23":"shipping-taxable","24":"purchasable","25":"product-type-variable"},"acf":[],"_links":{"self":[{"href":"https:\/\/wallmountac.com\/fr\/wp-json\/wp\/v2\/product\/2379","targetHints":{"allow":["GET"]}}],"collection":[{"href":"https:\/\/wallmountac.com\/fr\/wp-json\/wp\/v2\/product"}],"about":[{"href":"https:\/\/wallmountac.com\/fr\/wp-json\/wp\/v2\/types\/product"}],"replies":[{"embeddable":true,"href":"https:\/\/wallmountac.com\/fr\/wp-json\/wp\/v2\/comments?post=2379"}],"wp:featuredmedia":[{"embeddable":true,"href":"https:\/\/wallmountac.com\/fr\/wp-json\/wp\/v2\/media\/3236"}],"wp:attachment":[{"href":"https:\/\/wallmountac.com\/fr\/wp-json\/wp\/v2\/media?parent=2379"}],"wp:term":[{"taxonomy":"product_brand","embeddable":true,"href":"https:\/\/wallmountac.com\/fr\/wp-json\/wp\/v2\/product_brand?post=2379"},{"taxonomy":"product_cat","embeddable":true,"href":"https:\/\/wallmountac.com\/fr\/wp-json\/wp\/v2\/product_cat?post=2379"},{"taxonomy":"product_tag","embeddable":true,"href":"https:\/\/wallmountac.com\/fr\/wp-json\/wp\/v2\/product_tag?post=2379"}],"curies":[{"name":"wp","href":"https:\/\/api.w.org\/{rel}","templated":true}]}}