{"id":2440,"date":"2020-12-20T09:20:23","date_gmt":"2020-12-20T14:20:23","guid":{"rendered":"https:\/\/wallmountac.com\/product\/2-piece-wall-mount-bracket-for-mini-split\/"},"modified":"2022-02-13T10:50:57","modified_gmt":"2022-02-13T15:50:57","slug":"support-mural-2-pieces-support-pour-mini-split","status":"publish","type":"product","link":"https:\/\/wallmountac.com\/fr\/produit\/support-mural-2-pieces-support-pour-mini-split\/","title":{"rendered":"Support mural 2 pi\u00e8ces \/ Support pour mini split"},"content":{"rendered":"<p>Ce support mural en deux parties pour les syst\u00e8mes mini split est livr\u00e9 pr\u00e9assembl\u00e9 et pr\u00eat \u00e0 l&#8217;emploi avec la plupart des syst\u00e8mes de climatisation mini split. Il est con\u00e7u pour \u00eatre facilement mont\u00e9 sur le mur ext\u00e9rieur et peut supporter jusqu&#8217;\u00e0 180 livres.<\/p>\n<ul>\n<li>Pr\u00e9-assembl\u00e9<\/li>\n<li>Rev\u00eatement de protection contre les intemp\u00e9ries<\/li>\n<li>Conception et construction de v\u00e9hicules lourds<\/li>\n<li>Boulons \u00e0 expansion inclus<\/li>\n<li>Technologie anti-vibration<\/li>\n<li>Distance d&#8217;installation r\u00e9glable<\/li>\n<li>Compatible avec les syst\u00e8mes Senville suivants :\n<ul>\n<li>SENL-09CD\/X,SENL-12CD\/X<\/li>\n<li>SENA-09HF\/Z,SENA-12HF\/Z<\/li>\n<\/ul>\n<\/li>\n<\/ul>\n<p><span id=\"product_description\">Tous nos produits sont con\u00e7us selon les normes de qualit\u00e9 les plus \u00e9lev\u00e9es.<\/span><\/p>\n","protected":false},"excerpt":{"rendered":"<p>Ce support mural en deux parties pour les syst\u00e8mes mini split est livr\u00e9 pr\u00e9assembl\u00e9 et pr\u00eat \u00e0 l&#8217;emploi avec la plupart des syst\u00e8mes de climatisation mini split. Il est con\u00e7u pour \u00eatre facilement mont\u00e9 sur le mur ext\u00e9rieur et peut supporter jusqu&#8217;\u00e0 180 livres.<\/p>\n","protected":false},"featured_media":1902,"comment_status":"open","ping_status":"closed","template":"","meta":{"_acf_changed":false},"product_brand":[],"product_cat":[79,150],"product_tag":[],"class_list":{"0":"post-2440","1":"product","2":"type-product","3":"status-publish","4":"has-post-thumbnail","6":"product_cat-accessoires","7":"product_cat-supports-de-montage","9":"first","10":"instock","11":"taxable","12":"shipping-taxable","13":"purchasable","14":"product-type-simple"},"acf":[],"_links":{"self":[{"href":"https:\/\/wallmountac.com\/fr\/wp-json\/wp\/v2\/product\/2440","targetHints":{"allow":["GET"]}}],"collection":[{"href":"https:\/\/wallmountac.com\/fr\/wp-json\/wp\/v2\/product"}],"about":[{"href":"https:\/\/wallmountac.com\/fr\/wp-json\/wp\/v2\/types\/product"}],"replies":[{"embeddable":true,"href":"https:\/\/wallmountac.com\/fr\/wp-json\/wp\/v2\/comments?post=2440"}],"wp:featuredmedia":[{"embeddable":true,"href":"https:\/\/wallmountac.com\/fr\/wp-json\/wp\/v2\/media\/1902"}],"wp:attachment":[{"href":"https:\/\/wallmountac.com\/fr\/wp-json\/wp\/v2\/media?parent=2440"}],"wp:term":[{"taxonomy":"product_brand","embeddable":true,"href":"https:\/\/wallmountac.com\/fr\/wp-json\/wp\/v2\/product_brand?post=2440"},{"taxonomy":"product_cat","embeddable":true,"href":"https:\/\/wallmountac.com\/fr\/wp-json\/wp\/v2\/product_cat?post=2440"},{"taxonomy":"product_tag","embeddable":true,"href":"https:\/\/wallmountac.com\/fr\/wp-json\/wp\/v2\/product_tag?post=2440"}],"curies":[{"name":"wp","href":"https:\/\/api.w.org\/{rel}","templated":true}]}}