{"id":2444,"date":"2020-12-20T09:20:24","date_gmt":"2020-12-20T14:20:24","guid":{"rendered":"https:\/\/wallmountac.com\/product\/3-piece-wall-mount-bracket-for-mini-split\/"},"modified":"2022-02-13T10:51:01","modified_gmt":"2022-02-13T15:51:01","slug":"support-mural-3-pieces-support-pour-mini-split","status":"publish","type":"product","link":"https:\/\/wallmountac.com\/fr\/produit\/support-mural-3-pieces-support-pour-mini-split\/","title":{"rendered":"Support mural 3 pi\u00e8ces \/ Support pour Mini Split"},"content":{"rendered":"<p>Ce support mural est con\u00e7u pour la plupart des mini syst\u00e8mes de climatisation split. Sa conception en trois parties est con\u00e7ue pour supporter un poids allant jusqu&#8217;\u00e0 330 livres et certains des plus grands condenseurs mini split.<\/p>\n<ul>\n<li>Rev\u00eatement de protection contre les intemp\u00e9ries<\/li>\n<li>Conception et construction de v\u00e9hicules lourds<\/li>\n<li>Boulons \u00e0 expansion inclus<\/li>\n<li>Distance d&#8217;installation r\u00e9glable<\/li>\n<li>Technologie anti-vibration<\/li>\n<li>Compatible avec les mod\u00e8les Senville de 9000 BTU \u00e0 36000 BTU<\/li>\n<\/ul>\n","protected":false},"excerpt":{"rendered":"<p>Ce support mural est con\u00e7u pour la plupart des mini syst\u00e8mes de climatisation split. Sa conception en trois parties est con\u00e7ue pour supporter un poids allant jusqu&#8217;\u00e0 330 livres et certains des plus grands condenseurs mini split.<\/p>\n","protected":false},"featured_media":1911,"comment_status":"open","ping_status":"closed","template":"","meta":{"_acf_changed":false},"product_brand":[],"product_cat":[79,150],"product_tag":[],"class_list":{"0":"post-2444","1":"product","2":"type-product","3":"status-publish","4":"has-post-thumbnail","6":"product_cat-accessoires","7":"product_cat-supports-de-montage","9":"first","10":"instock","11":"taxable","12":"shipping-taxable","13":"purchasable","14":"product-type-simple"},"acf":[],"_links":{"self":[{"href":"https:\/\/wallmountac.com\/fr\/wp-json\/wp\/v2\/product\/2444","targetHints":{"allow":["GET"]}}],"collection":[{"href":"https:\/\/wallmountac.com\/fr\/wp-json\/wp\/v2\/product"}],"about":[{"href":"https:\/\/wallmountac.com\/fr\/wp-json\/wp\/v2\/types\/product"}],"replies":[{"embeddable":true,"href":"https:\/\/wallmountac.com\/fr\/wp-json\/wp\/v2\/comments?post=2444"}],"wp:featuredmedia":[{"embeddable":true,"href":"https:\/\/wallmountac.com\/fr\/wp-json\/wp\/v2\/media\/1911"}],"wp:attachment":[{"href":"https:\/\/wallmountac.com\/fr\/wp-json\/wp\/v2\/media?parent=2444"}],"wp:term":[{"taxonomy":"product_brand","embeddable":true,"href":"https:\/\/wallmountac.com\/fr\/wp-json\/wp\/v2\/product_brand?post=2444"},{"taxonomy":"product_cat","embeddable":true,"href":"https:\/\/wallmountac.com\/fr\/wp-json\/wp\/v2\/product_cat?post=2444"},{"taxonomy":"product_tag","embeddable":true,"href":"https:\/\/wallmountac.com\/fr\/wp-json\/wp\/v2\/product_tag?post=2444"}],"curies":[{"name":"wp","href":"https:\/\/api.w.org\/{rel}","templated":true}]}}