{"id":2448,"date":"2020-12-20T09:20:28","date_gmt":"2020-12-20T14:20:28","guid":{"rendered":"https:\/\/wallmountac.com\/product\/large-ground-stand-bracket-for-mini-split\/"},"modified":"2022-02-13T10:49:58","modified_gmt":"2022-02-13T15:49:58","slug":"grand-support-au-sol-support-pour-mini-split","status":"publish","type":"product","link":"https:\/\/wallmountac.com\/fr\/produit\/grand-support-au-sol-support-pour-mini-split\/","title":{"rendered":"Grand support au sol \/ Support pour mini split"},"content":{"rendered":"<p>Ce support au sol est con\u00e7u pour fonctionner avec la plupart des mini syst\u00e8mes de climatisation split. Ce support au sol peut supporter un poids de plus de 330 livres et peut facilement \u00eatre plac\u00e9 \u00e0 l&#8217;ext\u00e9rieur de votre maison ou de votre entreprise. Il fonctionne avec toutes les tailles et tous les poids de mini split et est compatible avec tous les mod\u00e8les que nous proposons.<\/p>\n<ul>\n<li>Un compl\u00e9ment parfait \u00e0 tout achat de climatiseur split sans conduit.<\/li>\n<li>Supporte jusqu&#8217;\u00e0 330 lbs.<\/li>\n<li>Compatible avec la plupart des mini climatiseurs split<\/li>\n<li>Une conception r\u00e9sistante aux intemp\u00e9ries pour un soutien durable<\/li>\n<li>Compatible avec les unit\u00e9s de 24000 BTU, 28000 BTU et 36000 BTU.<\/li>\n<li>Dimensions (LxlxH) : 36 &#8220;x17 &#8220;x18<\/li>\n<\/ul>\n","protected":false},"excerpt":{"rendered":"<p>Ce support au sol est con\u00e7u pour fonctionner avec la plupart des mini syst\u00e8mes de climatisation split. Ce support au sol peut supporter un poids de plus de 330 livres et peut facilement \u00eatre plac\u00e9 \u00e0 l&#8217;ext\u00e9rieur de votre maison ou de votre entreprise. Il fonctionne avec toutes les tailles et tous les poids de mini split et est compatible avec tous les mod\u00e8les que nous proposons.<\/p>\n","protected":false},"featured_media":1928,"comment_status":"open","ping_status":"closed","template":"","meta":{"_acf_changed":false},"product_brand":[],"product_cat":[79,150],"product_tag":[],"class_list":{"0":"post-2448","1":"product","2":"type-product","3":"status-publish","4":"has-post-thumbnail","6":"product_cat-accessoires","7":"product_cat-supports-de-montage","9":"first","10":"instock","11":"taxable","12":"shipping-taxable","13":"purchasable","14":"product-type-simple"},"acf":[],"_links":{"self":[{"href":"https:\/\/wallmountac.com\/fr\/wp-json\/wp\/v2\/product\/2448","targetHints":{"allow":["GET"]}}],"collection":[{"href":"https:\/\/wallmountac.com\/fr\/wp-json\/wp\/v2\/product"}],"about":[{"href":"https:\/\/wallmountac.com\/fr\/wp-json\/wp\/v2\/types\/product"}],"replies":[{"embeddable":true,"href":"https:\/\/wallmountac.com\/fr\/wp-json\/wp\/v2\/comments?post=2448"}],"wp:featuredmedia":[{"embeddable":true,"href":"https:\/\/wallmountac.com\/fr\/wp-json\/wp\/v2\/media\/1928"}],"wp:attachment":[{"href":"https:\/\/wallmountac.com\/fr\/wp-json\/wp\/v2\/media?parent=2448"}],"wp:term":[{"taxonomy":"product_brand","embeddable":true,"href":"https:\/\/wallmountac.com\/fr\/wp-json\/wp\/v2\/product_brand?post=2448"},{"taxonomy":"product_cat","embeddable":true,"href":"https:\/\/wallmountac.com\/fr\/wp-json\/wp\/v2\/product_cat?post=2448"},{"taxonomy":"product_tag","embeddable":true,"href":"https:\/\/wallmountac.com\/fr\/wp-json\/wp\/v2\/product_tag?post=2448"}],"curies":[{"name":"wp","href":"https:\/\/api.w.org\/{rel}","templated":true}]}}