{"id":2449,"date":"2021-07-27T17:50:57","date_gmt":"2021-07-27T22:50:57","guid":{"rendered":"https:\/\/wallmountac.com\/product\/line-set-cover-kit\/"},"modified":"2023-11-13T15:33:22","modified_gmt":"2023-11-13T20:33:22","slug":"kit-de-couverture-de-jeu-de-lignes","status":"publish","type":"product","link":"https:\/\/wallmountac.com\/fr\/produit\/kit-de-couverture-de-jeu-de-lignes\/","title":{"rendered":"Kit de couverture de jeu de lignes"},"content":{"rendered":"<p>Ce kit de recouvrement de ligne en PVC sp\u00e9cialement con\u00e7u fonctionne avec presque tous les climatiseurs mini split. Couvrez les lignes disgracieuses et profitez d&#8217;une installation parfaite gr\u00e2ce \u00e0 notre kit de couverture des lignes pour les syst\u00e8mes mini split.<\/p>\n<ul>\n<li>Plastique de haute qualit\u00e9 et r\u00e9sistant aux intemp\u00e9ries<\/li>\n<li>Couleur beige clair<\/li>\n<li>Pi\u00e8ces et raccords multiples pour diff\u00e9rents angles et longueurs<\/li>\n<li>Compatible avec la plupart des installations de lignes<\/li>\n<\/ul>\n<h4>Ce qu&#8217;il comprend :<\/h4>\n<ul>\n<li>(6) Sections droites (total de 20 pieds)<\/li>\n<li>(3) Capuchons d&#8217;assemblage<\/li>\n<li>Couvercle d&#8217;extr\u00e9mit\u00e9 de mur<\/li>\n<li>Coude \u00e0 90 degr\u00e9s<\/li>\n<\/ul>\n","protected":false},"excerpt":{"rendered":"<p>Ce kit de recouvrement de ligne en PVC sp\u00e9cialement con\u00e7u fonctionne avec presque tous les climatiseurs mini split. Couvrez les lignes disgracieuses et profitez d&#8217;une installation parfaite gr\u00e2ce \u00e0 notre kit de couverture des lignes pour les syst\u00e8mes mini split.<\/p>\n","protected":false},"featured_media":2066,"comment_status":"closed","ping_status":"closed","template":"","meta":{"_acf_changed":false},"product_brand":[],"product_cat":[79,159],"product_tag":[],"class_list":{"0":"post-2449","1":"product","2":"type-product","3":"status-publish","4":"has-post-thumbnail","6":"product_cat-accessoires","7":"product_cat-cache-tuyau","9":"first","10":"instock","11":"taxable","12":"shipping-taxable","13":"purchasable","14":"product-type-simple"},"acf":[],"_links":{"self":[{"href":"https:\/\/wallmountac.com\/fr\/wp-json\/wp\/v2\/product\/2449","targetHints":{"allow":["GET"]}}],"collection":[{"href":"https:\/\/wallmountac.com\/fr\/wp-json\/wp\/v2\/product"}],"about":[{"href":"https:\/\/wallmountac.com\/fr\/wp-json\/wp\/v2\/types\/product"}],"replies":[{"embeddable":true,"href":"https:\/\/wallmountac.com\/fr\/wp-json\/wp\/v2\/comments?post=2449"}],"wp:featuredmedia":[{"embeddable":true,"href":"https:\/\/wallmountac.com\/fr\/wp-json\/wp\/v2\/media\/2066"}],"wp:attachment":[{"href":"https:\/\/wallmountac.com\/fr\/wp-json\/wp\/v2\/media?parent=2449"}],"wp:term":[{"taxonomy":"product_brand","embeddable":true,"href":"https:\/\/wallmountac.com\/fr\/wp-json\/wp\/v2\/product_brand?post=2449"},{"taxonomy":"product_cat","embeddable":true,"href":"https:\/\/wallmountac.com\/fr\/wp-json\/wp\/v2\/product_cat?post=2449"},{"taxonomy":"product_tag","embeddable":true,"href":"https:\/\/wallmountac.com\/fr\/wp-json\/wp\/v2\/product_tag?post=2449"}],"curies":[{"name":"wp","href":"https:\/\/api.w.org\/{rel}","templated":true}]}}