{"id":2858,"date":"2020-03-03T14:03:53","date_gmt":"2020-03-03T19:03:53","guid":{"rendered":"https:\/\/wallmountac.com\/?post_type=product&#038;p=2858"},"modified":"2023-11-13T15:33:39","modified_gmt":"2023-11-13T20:33:39","slug":"9000-btu-mini-split-air-conditioner-heat-pump-senl-09cd-220v-open-box","status":"publish","type":"product","link":"https:\/\/wallmountac.com\/fr\/produit\/9000-btu-mini-split-air-conditioner-heat-pump-senl-09cd-220v-open-box\/","title":{"rendered":"Climatiseur Mini Split 9000 BTU &#8211; Pompe \u00e0 chaleur &#8211; SENL\/09CD\/220V"},"content":{"rendered":"<p>Le Senville SENL-09CD\/X est un climatiseur et une thermopompe mini split de 9000 BTU qui offre une solution polyvalente et abordable pour climatiser et chauffer votre maison ou votre entreprise.<\/p>\n<ul>\n<li>Climatiseur et chauffage \u00e0 <strong>haute efficacit\u00e9 19 SEER (HE<\/strong> )<\/li>\n<li>Avec <strong>pompe \u00e0 chaleur int\u00e9gr\u00e9e (jusqu&#8217;\u00e0 -15C \/ 5F<\/strong> ) Convient \u00e0 la plupart des climats<\/li>\n<li>Technologie d&#8217;onduleur CC pour une <strong>consommation d&#8217;\u00e9nergie minimale (jusqu&#8217;\u00e0 48 % d&#8217;\u00e9conomies par an<\/strong>)<\/li>\n<li>Fonction de d\u00e9shumidification int\u00e9gr\u00e9e, ventilateur et fonction turbo pour un<strong> contr\u00f4le complet du climat<\/strong><\/li>\n<li>Recommand\u00e9 pour  <strong>pi\u00e8ces de 100 \u00e0 450 m2 ft.<\/strong><\/li>\n<\/ul>\n<h4>Pompe \u00e0 chaleur et climatiseur 19 SEER<\/h4>\n<p>La <strong>s\u00e9rie LETO de Senville<\/strong> offre une efficacit\u00e9 parmi les plus \u00e9lev\u00e9es de sa cat\u00e9gorie, avec un taux d&#8217;efficacit\u00e9 <strong>SEER de 19<\/strong>. Profitez des avantages d&#8217;une pi\u00e8ce climatis\u00e9e et fra\u00eeche, ainsi que d&#8217;un chauffage efficace, qui peut \u00eatre ajout\u00e9 \u00e0 pratiquement n&#8217;importe quelle maison, entreprise ou espace que vous avez besoin de refroidir et de chauffer. Un <strong>climatiseur mini split<\/strong> efficace, abordable et <strong>exceptionnellement con\u00e7u<\/strong> avec un minimum de bruit audible, garantissant une exp\u00e9rience globale des plus confortables. Pour en savoir plus sur les <a href=\"https:\/\/senville.com\/blog\/what-does-the-seer-rating-mean\/\" target=\"_blank\" rel=\"noopener\">indices SEER, cliquez ici<\/a>.<\/p>\n<h4>Onduleur \u00e0 haut rendement<\/h4>\n<p>&nbsp;<\/p>\n<p>Senville combine l&#8217;accessibilit\u00e9, l&#8217;efficacit\u00e9 et la performance \u00e9cologique avanc\u00e9e avec sa technologie Inverter. Il en r\u00e9sulte une r\u00e9duction drastique de la consommation d&#8217;\u00e9nergie, jusqu&#8217;\u00e0 20 %, ce qui en fait l&#8217;un des syst\u00e8mes les plus efficaces dot\u00e9s de la technologie Inverter. C&#8217;est cette technologie qui permet au syst\u00e8me sans conduit d&#8217;atteindre des valeurs SEER aussi \u00e9lev\u00e9es. Optez pour un syst\u00e8me split dot\u00e9 de la technologie Inverter afin de r\u00e9duire au maximum vos co\u00fbts \u00e9nerg\u00e9tiques.<\/p>\n<h4>Garantie de 5 ans<\/h4>\n<p>Tous les mod\u00e8les Senville b\u00e9n\u00e9ficient d&#8217;une garantie compl\u00e8te de 5 ans destin\u00e9e \u00e0 prot\u00e9ger votre achat. Toutes les demandes de garantie sont trait\u00e9es par le si\u00e8ge nord-am\u00e9ricain de Senville, ce qui garantit les plus hauts niveaux d&#8217;assistance et de satisfaction de la client\u00e8le. Cette garantie de 5 ans couvre le compresseur et de 2 ans les autres pi\u00e8ces. Vous pouvez \u00eatre rassur\u00e9 en sachant que votre achat sera prot\u00e9g\u00e9 jusqu&#8217;\u00e0 5 ans, et nous savons que nous vous fournissons un produit de la plus haute qualit\u00e9 disponible.<\/p>\n<p>&nbsp;<\/p>\n<h4>Kit d&#8217;installation + accessoires inclus<\/h4>\n<p>Senville inclut un kit d&#8217;installation standard de 16 pieds avec tous les mod\u00e8les de mini-s\u00e9parateurs, ce qui maintient votre co\u00fbt d&#8217;installation global \u00e0 un niveau bas. Ces unit\u00e9s sont pr\u00e9-charg\u00e9es avec le r\u00e9frig\u00e9rant R410A et comprennent la tuyauterie n\u00e9cessaire \u00e0 l&#8217;installation et au raccordement. De nombreuses unit\u00e9s split de qualit\u00e9 inf\u00e9rieure peuvent ne pas inclure ces pi\u00e8ces, ce qui finit par augmenter vos co\u00fbts. Nos mod\u00e8les Senville sont \u00e9quip\u00e9s et pr\u00eats \u00e0 \u00eatre install\u00e9s d\u00e8s leur arriv\u00e9e \u00e0 votre porte, avec un co\u00fbt suppl\u00e9mentaire minime.<\/p>\n<h4>Documentation et certifications<\/h4>\n<p>Certifi\u00e9 ETL<br \/>\nCertifi\u00e9 AHRI<a href=\"https:\/\/senville.com\/content\/certificates\/SENA-09CD-AHRI.pdf\" target=\"_blank\" rel=\"noopener\">(Voir le certificat<\/a>)<br \/>\nEnergyGuide<a href=\"https:\/\/senville.com\/content\/energuide\/SENA-09CD.pdf\" target=\"_blank\" rel=\"noopener\">(Voir l&#8217;\u00e9tiquette EnergyGuide<\/a>)<br \/>\nManuel d&#8217;installation<a href=\"https:\/\/senville.com\/content\/manuals\/leto\/leto-installation-manual.pdf?_ga=2.24222650.181593593.1639684067-1980969635.1639684067\" target=\"_blank\" rel=\"noopener\">(Voir le manuel d&#8217;installation<\/a>)<\/p>\n<h4>Sp\u00e9cifications techniques<\/h4>\n<ul>\n<li>Num\u00e9ro de mod\u00e8le SENL-09CD\/X<\/li>\n<li>Alimentation (Ph-V-Hz) 220V, 1Ph, 60Hz<\/li>\n<li>Refroidissement (plage) 9000 (3600-10300)<\/li>\n<li>Entr\u00e9e (W) 782<\/li>\n<li>Courant nominal A 6,8<\/li>\n<li>EER BTU\/W 11,5<\/li>\n<li>SEER BTU\/W 19<\/li>\n<li>Chauffage (plage) 10000 (3500-10900)<\/li>\n<li>Entr\u00e9e (W) 925<\/li>\n<li>Courant nominal (A) 8,1<\/li>\n<li>COP W\/W 3.11<\/li>\n<li>HSPF4 10<\/li>\n<li>HSPF5 7.8<\/li>\n<li>Intensit\u00e9 minimale du circuit (A) 16<\/li>\n<li>Max. Fusible (A) 20<\/li>\n<li>Dimensions int\u00e9rieures (LxPxH) (po) 28,43&#215;7,36&#215;11,42<\/li>\n<li>D\u00e9bit d&#8217;air int\u00e9rieur (H\/M\/L) CFM 247\/182\/129<\/li>\n<li>Niveau de bruit int\u00e9rieur (H\/M\/L) dB 38\/32\/25<\/li>\n<li>Niveau de bruit ext\u00e9rieur (H\/M\/L) dB 52<\/li>\n<li>Dimensions ext\u00e9rieures (LxPxH) (po) 30,31&#215;11,81&#215;21,85<\/li>\n<li>Type de r\u00e9frig\u00e9rant R410A<\/li>\n<li>Pr\u00e9charge de r\u00e9frig\u00e9rant 25 Ft.<\/li>\n<li>C\u00e2blage de connexion 16AWG*4 Torsad\u00e9, non blind\u00e9<\/li>\n<li>Type de thermostat T\u00e9l\u00e9commande<\/li>\n<li>Garantie 2 ans (pi\u00e8ces) \/ 5 ans (compresseur)<\/li>\n<li>Zone d&#8217;application 100-450 Sq. Ft<\/li>\n<\/ul>\n","protected":false},"excerpt":{"rendered":"<p>Le Senville SENL-09CD\/X est un climatiseur et une thermopompe mini split de 9000 BTU qui offre une solution polyvalente et abordable pour climatiser et chauffer votre maison ou votre entreprise.<\/p>\n","protected":false},"featured_media":1975,"comment_status":"open","ping_status":"closed","template":"","meta":{"_acf_changed":false},"product_brand":[],"product_cat":[79],"product_tag":[],"class_list":{"0":"post-2858","1":"product","2":"type-product","3":"status-publish","4":"has-post-thumbnail","6":"product_cat-accessoires","7":"pa_ft-16-po","8":"pa_ft-25-po","9":"pa_ft-50-po","11":"first","12":"outofstock","13":"taxable","14":"shipping-taxable","15":"purchasable","16":"product-type-variable"},"acf":[],"_links":{"self":[{"href":"https:\/\/wallmountac.com\/fr\/wp-json\/wp\/v2\/product\/2858","targetHints":{"allow":["GET"]}}],"collection":[{"href":"https:\/\/wallmountac.com\/fr\/wp-json\/wp\/v2\/product"}],"about":[{"href":"https:\/\/wallmountac.com\/fr\/wp-json\/wp\/v2\/types\/product"}],"replies":[{"embeddable":true,"href":"https:\/\/wallmountac.com\/fr\/wp-json\/wp\/v2\/comments?post=2858"}],"wp:featuredmedia":[{"embeddable":true,"href":"https:\/\/wallmountac.com\/fr\/wp-json\/wp\/v2\/media\/1975"}],"wp:attachment":[{"href":"https:\/\/wallmountac.com\/fr\/wp-json\/wp\/v2\/media?parent=2858"}],"wp:term":[{"taxonomy":"product_brand","embeddable":true,"href":"https:\/\/wallmountac.com\/fr\/wp-json\/wp\/v2\/product_brand?post=2858"},{"taxonomy":"product_cat","embeddable":true,"href":"https:\/\/wallmountac.com\/fr\/wp-json\/wp\/v2\/product_cat?post=2858"},{"taxonomy":"product_tag","embeddable":true,"href":"https:\/\/wallmountac.com\/fr\/wp-json\/wp\/v2\/product_tag?post=2858"}],"curies":[{"name":"wp","href":"https:\/\/api.w.org\/{rel}","templated":true}]}}