{"id":2869,"date":"2020-03-03T14:08:00","date_gmt":"2020-03-03T19:08:00","guid":{"rendered":"https:\/\/wallmountac.com\/?post_type=product&#038;p=2869"},"modified":"2022-05-04T09:03:10","modified_gmt":"2022-05-04T14:03:10","slug":"climatiseur-mini-split-12000-btu-pompe-a-chaleur-senl-12cd-110v-copy","status":"publish","type":"product","link":"https:\/\/wallmountac.com\/fr\/produit\/climatiseur-mini-split-12000-btu-pompe-a-chaleur-senl-12cd-110v-copy\/","title":{"rendered":"Climatiseur Mini Split 12000 BTU &#8211; Pompe \u00e0 chaleur &#8211; SENL\/12CD\/110V (Open Box)"},"content":{"rendered":"<p>Le Senville SENL-12CD\/X est un climatiseur et une pompe \u00e0 chaleur mini split de 12000 BTU qui offre une solution polyvalente et abordable pour refroidir et chauffer votre maison ou votre entreprise.<\/p>\n<ul>\n<li><strong>19 SEER (HE)<\/strong> Climatiseur et chauffage \u00e0<strong data-wg-splitted=\"\"> haute efficacit\u00e9<\/strong><\/li>\n<li>Avec<strong> pompe \u00e0 chaleur int\u00e9gr\u00e9e (jusqu&#8217;\u00e0 -15C \/ 5F)<\/strong> adapt\u00e9e \u00e0 la plupart des climats<\/li>\n<li>Technologie d&#8217;onduleur DC pour une <strong>consommation d&#8217;\u00e9nergie minimale (jusqu&#8217;\u00e0 48% d&#8217;\u00e9conomies par an)<\/strong><\/li>\n<li>Fonction de d\u00e9shumidification int\u00e9gr\u00e9e, fonction ventilateur et turbo pour un <strong>contr\u00f4le complet du climat<\/strong><\/li>\n<li>Recommand\u00e9 pour les <strong>pi\u00e8ces de 450-700 pieds carr\u00e9s<\/strong>.<\/li>\n<\/ul>\n<h2>19 SEER AC et pompe \u00e0 chaleur<\/h2>\n<p><img loading=\"lazy\" decoding=\"async\" class=\"__mce_add_custom__\" title=\"19 SEER\" src=\"https:\/\/cdn10.bigcommerce.com\/s-2tb0afw6nn\/product_images\/uploaded_images\/leto-seer.png\" alt=\"19 SEER\" width=\"80\" height=\"80\" \/><\/p>\n<p class=\"p1\">La <strong>s\u00e9rie LETO de Senville<\/strong> offre une efficacit\u00e9 parmi les plus \u00e9lev\u00e9es de sa cat\u00e9gorie, avec un indice d&#8217;efficacit\u00e9 <strong>SEER 19<\/strong>. Profitez de l&#8217;avantage d&#8217;une pi\u00e8ce fra\u00eeche et climatis\u00e9e, ainsi que d&#8217;un chauffage efficace, qui peut \u00eatre ajout\u00e9 \u00e0 pratiquement toute maison, entreprise ou espace que vous avez besoin de refroidir et de chauffer. Un <strong>mini climatiseur split<\/strong> efficace, abordable et de <strong data-wg-splitted=\"\">conception exceptionnelle<\/strong>, avec un minimum de bruit audible, assurant une exp\u00e9rience globale des plus confortables. Pour en savoir plus sur les <span class=\"s1\">classements SEER<\/span>, cliquez ici.<\/p>\n<h2>Onduleur \u00e0 haut rendement<\/h2>\n<p><img loading=\"lazy\" decoding=\"async\" class=\"__mce_add_custom__\" title=\"Onduleur DC Mini Split\" src=\"https:\/\/cdn10.bigcommerce.com\/s-2tb0afw6nn\/product_images\/uploaded_images\/leto-inverter.png\" alt=\"Onduleur DC Mini Split\" width=\"80\" height=\"80\" \/><\/p>\n<p class=\"p1\"><span class=\"s1\">Senville combine l&#8217;<strong>accessibilit\u00e9, l&#8217;efficacit\u00e9 et les performances \u00e9cologiques avanc\u00e9es<\/strong>, avec sa technologie Inverter. Les r\u00e9sultats sont une <strong>r\u00e9duction<\/strong> drastique de la <strong data-wg-splitted=\"\">consommation d&#8217;\u00e9nergie jusqu&#8217;\u00e0 20%<\/strong>, ce qui en fait l&#8217;un des syst\u00e8mes les plus efficaces avec la technologie Inverter. C&#8217;est cette technologie qui permet au syst\u00e8me sans conduit d&#8217;atteindre des taux SEER aussi \u00e9lev\u00e9s. Optez pour un syst\u00e8me split avec la <strong>technologie Inverter<\/strong> pour vous assurer de minimiser vos co\u00fbts \u00e9nerg\u00e9tiques.<\/span><\/p>\n<p><img loading=\"lazy\" decoding=\"async\" class=\"__mce_add_custom__\" title=\"Climatisation silencieuse\" src=\"https:\/\/cdn10.bigcommerce.com\/s-2tb0afw6nn\/product_images\/uploaded_images\/leto-quiet.png\" alt=\"Climatisation silencieuse\" width=\"1150\" height=\"390\" \/><\/p>\n<h2>Garantie de 5 ans<\/h2>\n<p><img loading=\"lazy\" decoding=\"async\" class=\"__mce_add_custom__\" title=\"Garantie de 5 ans\" src=\"https:\/\/cdn10.bigcommerce.com\/s-2tb0afw6nn\/product_images\/uploaded_images\/5year-warranty.png\" alt=\"Garantie de 5 ans\" width=\"80\" height=\"80\" \/><\/p>\n<p class=\"p1\"><span class=\"s1\">Tous les mod\u00e8les Senville sont couverts par une <strong>garantie<\/strong> compl\u00e8te de <strong data-wg-splitted=\"\">5 ans con\u00e7ue pour prot\u00e9ger votre achat<\/strong>. Toutes les demandes de garantie sont trait\u00e9es par le si\u00e8ge nord-am\u00e9ricain de Senville, ce qui garantit les plus hauts niveaux d&#8217;assistance et de satisfaction de la client\u00e8le. Cette garantie de 5 ans offre une couverture sur le compresseur et une garantie de 2 ans sur les autres pi\u00e8ces. Vous pouvez \u00eatre s\u00fbr que votre achat sera prot\u00e9g\u00e9 pendant 5 ans, et nous savons que nous <strong>vous fournissons un produit de la plus haute qualit\u00e9 possible<\/strong>.<\/span><\/p>\n<p><img loading=\"lazy\" decoding=\"async\" class=\"__mce_add_custom__\" title=\"Un contr\u00f4le parfait du climat\" src=\"https:\/\/cdn10.bigcommerce.com\/s-2tb0afw6nn\/product_images\/uploaded_images\/leto-control.png\" alt=\"Un contr\u00f4le parfait du climat\" width=\"1150\" height=\"390\" \/><\/p>\n<h2>Kit d&#8217;installation + accessoires inclus<\/h2>\n<p><img loading=\"lazy\" decoding=\"async\" class=\"__mce_add_custom__\" title=\"Kit d'installation de 16 pieds\" src=\"https:\/\/cdn10.bigcommerce.com\/s-2tb0afw6nn\/product_images\/uploaded_images\/leto-installkit.png\" alt=\"Kit d'installation de 16 pieds\" width=\"80\" height=\"80\" \/><\/p>\n<p class=\"p1\"><span class=\"s1\">Senville inclut un kit d&#8217;installation standard de 16 pieds avec tous les mod\u00e8les de mini split,<strong> ce qui permet de maintenir le co\u00fbt global de votre installation \u00e0 un niveau bas<\/strong>. Ces unit\u00e9s sont pr\u00e9charg\u00e9es avec du <span class=\"s2\">r\u00e9frig\u00e9rant R410A<\/span> et comprennent la tuyauterie n\u00e9cessaire pour l&#8217;installation et le branchement. De nombreuses unit\u00e9s split de qualit\u00e9 inf\u00e9rieure ne comprennent pas ces pi\u00e8ces, ce qui finit par augmenter vos co\u00fbts. Nos mod\u00e8les Senville <strong>sont \u00e9quip\u00e9s et pr\u00eats \u00e0 \u00eatre install\u00e9s<\/strong> d\u00e8s votre arriv\u00e9e \u00e0 votre porte, avec un co\u00fbt suppl\u00e9mentaire minime.<\/span><\/p>\n<h3>Documentation et certifications<\/h3>\n<ul>\n<li>Certifi\u00e9 ETL<\/li>\n<li>Certifi\u00e9 AHRI<a title=\"Certificat AHRI\" href=\"https:\/\/senville.com\/content\/certificates\/SENA-12CD-AHRI.pdf\" target=\"_blank\" rel=\"noopener\"> (Voir le certificat<\/a>)<\/li>\n<li>EnergyGuide<a title=\"EnergyGuide\" href=\"https:\/\/senville.com\/content\/energuide\/SENL-12CD.pdf\" target=\"_blank\" rel=\"noopener\"> (Voir l&#8217;\u00e9tiquette EnergyGuide<\/a>)<\/li>\n<li>Manuel d&#8217;installation<a title=\"Manuel d&#039;installation\" href=\"https:\/\/senville.com\/content\/manuals\/leto\/leto-installation-manual.pdf\" target=\"_blank\" rel=\"noopener\"> (Voir le manuel d&#8217;installation<\/a>)<\/li>\n<\/ul>\n<h3>Sp\u00e9cifications techniques<\/h3>\n<table cellspacing=\"0\" cellpadding=\"0\">\n<tbody>\n<tr>\n<td width=\"152\">Num\u00e9ro de mod\u00e8le<\/td>\n<td width=\"65\">SENL-12CD\/X<\/td>\n<\/tr>\n<tr>\n<td>Alimentation \u00e9lectrique (Ph-V-Hz)<\/td>\n<td width=\"65\">115V, 1Ph, 60Hz<\/td>\n<\/tr>\n<tr>\n<td width=\"152\">Refroidissement (gamme)<\/td>\n<td width=\"65\">12000 (3700-13000)<\/td>\n<\/tr>\n<tr>\n<td width=\"152\">Entr\u00e9e (W)<\/td>\n<td style=\"text-align: left\" align=\"right\" width=\"65\">1020<\/td>\n<\/tr>\n<tr>\n<td width=\"152\">Courant nominal A<\/td>\n<td style=\"text-align: left\" align=\"right\" width=\"65\">8.93<\/td>\n<\/tr>\n<tr>\n<td width=\"152\">EER BTU\/W<\/td>\n<td style=\"text-align: left\" align=\"right\" width=\"65\">10.5<\/td>\n<\/tr>\n<tr>\n<td width=\"152\">SEER BTU\/W<\/td>\n<td style=\"text-align: left\" align=\"right\" width=\"65\">19<\/td>\n<\/tr>\n<tr>\n<td width=\"152\">Chauffage (Gamme)<\/td>\n<td width=\"65\">12000 (3600-13500)<\/td>\n<\/tr>\n<tr>\n<td width=\"152\">Entr\u00e9e (W)<\/td>\n<td style=\"text-align: left\" align=\"right\" width=\"65\">1026<\/td>\n<\/tr>\n<tr>\n<td width=\"152\">Courant nominal (A)<\/td>\n<td style=\"text-align: left\" align=\"right\" width=\"65\">8.93<\/td>\n<\/tr>\n<tr>\n<td width=\"152\">COP W\/W<\/td>\n<td style=\"text-align: left\" align=\"right\" width=\"65\">3.43<\/td>\n<\/tr>\n<tr>\n<td width=\"152\">HSPF4<\/td>\n<td style=\"text-align: left\" align=\"right\" width=\"65\">9.5<\/td>\n<\/tr>\n<tr>\n<td width=\"152\">HSPF5<\/td>\n<td style=\"text-align: left\" align=\"right\" width=\"65\">7.8<\/td>\n<\/tr>\n<tr>\n<td width=\"152\">Ampacit\u00e9 minimale du circuit (A)<\/td>\n<td style=\"text-align: left\" align=\"right\" width=\"65\">15<\/td>\n<\/tr>\n<tr>\n<td width=\"152\">Max. Fusible (A)<\/td>\n<td style=\"text-align: left\" align=\"right\" width=\"65\">20<\/td>\n<\/tr>\n<tr>\n<td width=\"152\">Dimensions int\u00e9rieures (LxPxH) (in.)<\/td>\n<td style=\"text-align: left\" width=\"65\">31.57&#215;7.44&#215;11.69<\/td>\n<\/tr>\n<tr>\n<td width=\"152\">D\u00e9bit d&#8217;air int\u00e9rieur (H\/M\/L) CFM<\/td>\n<td width=\"65\">294\/212\/171<\/td>\n<\/tr>\n<tr>\n<td width=\"152\">Niveau de bruit int\u00e9rieur (H\/M\/L) dB<\/td>\n<td width=\"65\">38\/30\/285<\/td>\n<\/tr>\n<tr>\n<td width=\"152\">Niveau de bruit ext\u00e9rieur (H\/M\/L) dB<\/td>\n<td style=\"text-align: left\" align=\"right\" width=\"65\">55<\/td>\n<\/tr>\n<tr>\n<td width=\"152\">Dimensions ext\u00e9rieures (LxPxH) (in.)<\/td>\n<td width=\"65\">31.50&#215;13.11&#215;21.81<\/td>\n<\/tr>\n<tr>\n<td width=\"152\">Type de r\u00e9frig\u00e9rant<\/td>\n<td width=\"65\">R410A<\/td>\n<\/tr>\n<tr>\n<td width=\"152\">Pr\u00e9charge pour les r\u00e9frig\u00e9rants<\/td>\n<td width=\"65\">25 Ft.<\/td>\n<\/tr>\n<tr>\n<td width=\"152\">C\u00e2blage de connexion<\/td>\n<td width=\"65\">16AWG*4 C\u00e2bl\u00e9, non blind\u00e9<\/td>\n<\/tr>\n<tr>\n<td width=\"152\">Type de thermostat<\/td>\n<td width=\"65\">T\u00e9l\u00e9commande<\/td>\n<\/tr>\n<tr>\n<td width=\"152\">Garantie<\/td>\n<td width=\"65\">2 ans (pi\u00e8ces) \/ 5 ans (compresseur)<\/td>\n<\/tr>\n<tr>\n<td width=\"152\">Domaine d&#8217;application<\/td>\n<td width=\"65\">450-750 pieds carr\u00e9s<\/td>\n<\/tr>\n<\/tbody>\n<\/table>\n<table border=\"1\" align=\"center\">\n<tbody>\n<tr>\n<td><img loading=\"lazy\" decoding=\"async\" class=\"__mce_add_custom__\" title=\"small-warning.png\" src=\"https:\/\/cdn10.bigcommerce.com\/s-2tb0afw6nn\/product_images\/uploaded_images\/small-warning.png\" alt=\"small-warning.png\" width=\"16\" height=\"13\" \/>Avertissement : <a href=\"https:\/\/www.sogoodtobuy.com\/prop-65-warning\/\" target=\"_blank\" rel=\"noopener\">Proposition 65 de la Californie<\/a><\/td>\n<\/tr>\n<\/tbody>\n<\/table>\n<p>&nbsp;<\/p>\n","protected":false},"excerpt":{"rendered":"<p>Le Senville SENL-12CD\/X est un climatiseur et une pompe \u00e0 chaleur mini split de 12000 BTU qui offre une solution polyvalente et abordable pour refroidir et chauffer votre maison ou votre entreprise.<\/p>\n","protected":false},"featured_media":1941,"comment_status":"open","ping_status":"closed","template":"","meta":{"_acf_changed":false},"product_brand":[],"product_cat":[79],"product_tag":[],"class_list":{"0":"post-2869","1":"product","2":"type-product","3":"status-publish","4":"has-post-thumbnail","6":"product_cat-accessoires","7":"pa_ft-16-po","8":"pa_ft-25-po","9":"pa_ft-50-po","11":"first","12":"instock","13":"sale","14":"taxable","15":"shipping-taxable","16":"purchasable","17":"product-type-variable"},"acf":[],"_links":{"self":[{"href":"https:\/\/wallmountac.com\/fr\/wp-json\/wp\/v2\/product\/2869","targetHints":{"allow":["GET"]}}],"collection":[{"href":"https:\/\/wallmountac.com\/fr\/wp-json\/wp\/v2\/product"}],"about":[{"href":"https:\/\/wallmountac.com\/fr\/wp-json\/wp\/v2\/types\/product"}],"replies":[{"embeddable":true,"href":"https:\/\/wallmountac.com\/fr\/wp-json\/wp\/v2\/comments?post=2869"}],"wp:featuredmedia":[{"embeddable":true,"href":"https:\/\/wallmountac.com\/fr\/wp-json\/wp\/v2\/media\/1941"}],"wp:attachment":[{"href":"https:\/\/wallmountac.com\/fr\/wp-json\/wp\/v2\/media?parent=2869"}],"wp:term":[{"taxonomy":"product_brand","embeddable":true,"href":"https:\/\/wallmountac.com\/fr\/wp-json\/wp\/v2\/product_brand?post=2869"},{"taxonomy":"product_cat","embeddable":true,"href":"https:\/\/wallmountac.com\/fr\/wp-json\/wp\/v2\/product_cat?post=2869"},{"taxonomy":"product_tag","embeddable":true,"href":"https:\/\/wallmountac.com\/fr\/wp-json\/wp\/v2\/product_tag?post=2869"}],"curies":[{"name":"wp","href":"https:\/\/api.w.org\/{rel}","templated":true}]}}