{"id":2894,"date":"2020-03-04T14:29:23","date_gmt":"2020-03-04T19:29:23","guid":{"rendered":"https:\/\/wallmountac.com\/product\/senville-900w-1500w-chauffage-ceramique-de-tour-avec-telecommande-sench-22\/"},"modified":"2022-03-04T14:29:23","modified_gmt":"2022-03-04T19:29:23","slug":"senville-900w-1500w-chauffage-ceramique-de-tour-avec-telecommande-sench-22","status":"publish","type":"product","link":"https:\/\/wallmountac.com\/fr\/produit\/senville-900w-1500w-chauffage-ceramique-de-tour-avec-telecommande-sench-22\/","title":{"rendered":"Senville 900W\/1500W Chauffage c\u00e9ramique de tour avec t\u00e9l\u00e9commande &#8211; SENCH-22"},"content":{"rendered":"<p>Le chauffage compact et puissant de Senville peut \u00eatre facilement d\u00e9plac\u00e9 d&#8217;une pi\u00e8ce \u00e0 l&#8217;autre pour plus de chaleur. Avec son thermostat r\u00e9glable, son \u00e9cran LED, sa protection int\u00e9gr\u00e9e contre la surchauffe, sa t\u00e9l\u00e9commande et sa fonction oscillante, le radiateur Senville est parfait pour toutes les pi\u00e8ces. R\u00e9pertori\u00e9 ETL.<\/p>\n","protected":false},"excerpt":{"rendered":"<p>Le chauffage compact et puissant de Senville peut \u00eatre facilement d\u00e9plac\u00e9 d&#8217;une pi\u00e8ce \u00e0 l&#8217;autre pour plus de chaleur. Avec son thermostat r\u00e9glable, son \u00e9cran LED, sa protection int\u00e9gr\u00e9e contre la surchauffe, sa t\u00e9l\u00e9commande et sa fonction oscillante, le radiateur Senville est parfait pour toutes les pi\u00e8ces. R\u00e9pertori\u00e9 ETL.<\/p>\n<ul class=\"a-unordered-list a-vertical a-spacing-none\">\n<li><span class=\"a-list-item\">4 modes avec haut\/bas\/co-mode\/ventilateur seulement avec thermostat num\u00e9rique r\u00e9glable, fonction oscillante, pour maintenir la temp\u00e9rature de toute la pi\u00e8ce.<\/span><\/li>\n<li><span class=\"a-list-item\">Conception verticale (tour) et horizontale avec Plug &amp; Play avec minuterie 24 heures, Eco-Mode, affichage LED, t\u00e9l\u00e9commande.<\/span><\/li>\n<li><span class=\"a-list-item\">L&#8217;\u00e9co-mode avec thermostat num\u00e9rique ajuste la temp\u00e9rature pour r\u00e9duire la consommation d&#8217;\u00e9nergie<\/span><\/li>\n<li><span class=\"a-list-item\">La fonction de balancement interne permet une distribution uniforme de l&#8217;air chaud dans tout l&#8217;espace habitable.<\/span><\/li>\n<\/ul>\n","protected":false},"featured_media":2893,"comment_status":"closed","ping_status":"closed","template":"","meta":{"_acf_changed":false},"product_brand":[],"product_cat":[173],"product_tag":[],"class_list":{"0":"post-2894","1":"product","2":"type-product","3":"status-publish","4":"has-post-thumbnail","6":"product_cat-speciaux","8":"first","9":"instock","10":"sale","11":"taxable","12":"shipping-taxable","13":"purchasable","14":"product-type-simple"},"acf":[],"_links":{"self":[{"href":"https:\/\/wallmountac.com\/fr\/wp-json\/wp\/v2\/product\/2894","targetHints":{"allow":["GET"]}}],"collection":[{"href":"https:\/\/wallmountac.com\/fr\/wp-json\/wp\/v2\/product"}],"about":[{"href":"https:\/\/wallmountac.com\/fr\/wp-json\/wp\/v2\/types\/product"}],"replies":[{"embeddable":true,"href":"https:\/\/wallmountac.com\/fr\/wp-json\/wp\/v2\/comments?post=2894"}],"wp:featuredmedia":[{"embeddable":true,"href":"https:\/\/wallmountac.com\/fr\/wp-json\/wp\/v2\/media\/2893"}],"wp:attachment":[{"href":"https:\/\/wallmountac.com\/fr\/wp-json\/wp\/v2\/media?parent=2894"}],"wp:term":[{"taxonomy":"product_brand","embeddable":true,"href":"https:\/\/wallmountac.com\/fr\/wp-json\/wp\/v2\/product_brand?post=2894"},{"taxonomy":"product_cat","embeddable":true,"href":"https:\/\/wallmountac.com\/fr\/wp-json\/wp\/v2\/product_cat?post=2894"},{"taxonomy":"product_tag","embeddable":true,"href":"https:\/\/wallmountac.com\/fr\/wp-json\/wp\/v2\/product_tag?post=2894"}],"curies":[{"name":"wp","href":"https:\/\/api.w.org\/{rel}","templated":true}]}}