{"id":3199,"date":"2023-08-08T11:14:59","date_gmt":"2023-08-08T16:14:59","guid":{"rendered":"https:\/\/wallmountac.com\/?post_type=product&#038;p=3199"},"modified":"2023-11-13T15:37:51","modified_gmt":"2023-11-13T20:37:51","slug":"indoor-unit-for-aura-9000-btu","status":"publish","type":"product","link":"https:\/\/wallmountac.com\/fr\/produit\/indoor-unit-for-aura-9000-btu\/","title":{"rendered":"Unit\u00e9 int\u00e9rieure pour Aura 9000 BTU"},"content":{"rendered":"<p>Unit\u00e9 int\u00e9rieure pour Aura 9000 BTU<\/p>\n<p>SENA09\/HF\/IZ<\/p>\n","protected":false},"excerpt":{"rendered":"<p>Unit\u00e9 int\u00e9rieure pour Aura 9000 BTU<\/p>\n","protected":false},"featured_media":1960,"comment_status":"open","ping_status":"closed","template":"","meta":{"_acf_changed":false},"product_brand":[],"product_cat":[79,150],"product_tag":[],"class_list":{"0":"post-3199","1":"product","2":"type-product","3":"status-publish","4":"has-post-thumbnail","6":"product_cat-accessoires","7":"product_cat-supports-de-montage","9":"first","10":"instock","11":"taxable","12":"shipping-taxable","13":"purchasable","14":"product-type-simple"},"acf":[],"_links":{"self":[{"href":"https:\/\/wallmountac.com\/fr\/wp-json\/wp\/v2\/product\/3199","targetHints":{"allow":["GET"]}}],"collection":[{"href":"https:\/\/wallmountac.com\/fr\/wp-json\/wp\/v2\/product"}],"about":[{"href":"https:\/\/wallmountac.com\/fr\/wp-json\/wp\/v2\/types\/product"}],"replies":[{"embeddable":true,"href":"https:\/\/wallmountac.com\/fr\/wp-json\/wp\/v2\/comments?post=3199"}],"wp:featuredmedia":[{"embeddable":true,"href":"https:\/\/wallmountac.com\/fr\/wp-json\/wp\/v2\/media\/1960"}],"wp:attachment":[{"href":"https:\/\/wallmountac.com\/fr\/wp-json\/wp\/v2\/media?parent=3199"}],"wp:term":[{"taxonomy":"product_brand","embeddable":true,"href":"https:\/\/wallmountac.com\/fr\/wp-json\/wp\/v2\/product_brand?post=3199"},{"taxonomy":"product_cat","embeddable":true,"href":"https:\/\/wallmountac.com\/fr\/wp-json\/wp\/v2\/product_cat?post=3199"},{"taxonomy":"product_tag","embeddable":true,"href":"https:\/\/wallmountac.com\/fr\/wp-json\/wp\/v2\/product_tag?post=3199"}],"curies":[{"name":"wp","href":"https:\/\/api.w.org\/{rel}","templated":true}]}}