{"id":3416,"date":"2025-06-02T10:12:53","date_gmt":"2025-06-02T15:12:53","guid":{"rendered":"https:\/\/wallmountac.com\/?post_type=product&#038;p=3416"},"modified":"2025-06-02T10:37:38","modified_gmt":"2025-06-02T15:37:38","slug":"brisa-8n1-copy","status":"publish","type":"product","link":"https:\/\/wallmountac.com\/fr\/produit\/brisa-8n1-copy\/","title":{"rendered":"Brisa 8N1 (Copy)"},"content":{"rendered":"<p><strong>Filtres Pollution physique<\/strong><br \/>\nTels que : Pollen, poussi\u00e8re, PM2.5, fum\u00e9e.<br \/>\n<strong>R\u00e9sout la pollution chimique<\/strong><br \/>\nTels que : Formald\u00e9hyde, benz\u00e8ne, tolu\u00e8ne, TVOC<br \/>\n<strong>\u00c9limine la contamination biologique<\/strong><br \/>\nTels que : Bact\u00e9ries, germes, moisissures, champignons, acariens<\/p>\n<h2><img loading=\"lazy\" decoding=\"async\" class=\"alignnone wp-image-3385 \" src=\"https:\/\/wallmountac.com\/wp-content\/uploads\/2020\/12\/Banner-Fr-2-300x201.jpg\" alt=\"\" width=\"519\" height=\"348\" srcset=\"https:\/\/wallmountac.com\/wp-content\/uploads\/2020\/12\/Banner-Fr-2-300x201.jpg 300w, https:\/\/wallmountac.com\/wp-content\/uploads\/2020\/12\/Banner-Fr-2-1024x687.jpg 1024w, https:\/\/wallmountac.com\/wp-content\/uploads\/2020\/12\/Banner-Fr-2-768x515.jpg 768w, https:\/\/wallmountac.com\/wp-content\/uploads\/2020\/12\/Banner-Fr-2-1536x1030.jpg 1536w, https:\/\/wallmountac.com\/wp-content\/uploads\/2020\/12\/Banner-Fr-2-600x402.jpg 600w, https:\/\/wallmountac.com\/wp-content\/uploads\/2020\/12\/Banner-Fr-2-350x235.jpg 350w, https:\/\/wallmountac.com\/wp-content\/uploads\/2020\/12\/Banner-Fr-2.jpg 1813w\" sizes=\"auto, (max-width: 519px) 100vw, 519px\" \/><\/h2>\n<h4>8 \u00e9tapes de la purification de l&#8217;air :<\/h4>\n<p><img loading=\"lazy\" decoding=\"async\" class=\"alignnone wp-image-3381 \" src=\"https:\/\/wallmountac.com\/wp-content\/uploads\/2020\/12\/Brisa-fr-outdoor-300x200.jpg\" alt=\"\" width=\"516\" height=\"344\" srcset=\"https:\/\/wallmountac.com\/wp-content\/uploads\/2020\/12\/Brisa-fr-outdoor-300x200.jpg 300w, https:\/\/wallmountac.com\/wp-content\/uploads\/2020\/12\/Brisa-fr-outdoor-1024x683.jpg 1024w, https:\/\/wallmountac.com\/wp-content\/uploads\/2020\/12\/Brisa-fr-outdoor-768x512.jpg 768w, https:\/\/wallmountac.com\/wp-content\/uploads\/2020\/12\/Brisa-fr-outdoor-1536x1025.jpg 1536w, https:\/\/wallmountac.com\/wp-content\/uploads\/2020\/12\/Brisa-fr-outdoor-600x400.jpg 600w, https:\/\/wallmountac.com\/wp-content\/uploads\/2020\/12\/Brisa-fr-outdoor-350x234.jpg 350w, https:\/\/wallmountac.com\/wp-content\/uploads\/2020\/12\/Brisa-fr-outdoor.jpg 2022w\" sizes=\"auto, (max-width: 516px) 100vw, 516px\" \/><\/p>\n<p><strong>1- Filtre primaire lavable<\/strong><br \/>\nFiltre les grosses particules.<br \/>\n<strong>2- Filtre catalyseur \u00e0 froid<\/strong><br \/>\nCatalyse le formald\u00e9hyde, le benz\u00e8ne, les COVT<br \/>\n<strong>3- Filtre \u00e0 charbon actif cellulaire<\/strong><br \/>\nAbsorption rapide des odeurs, d\u00e9composition du formald\u00e9hyde, du benz\u00e8ne, de l&#8217;ammoniac, de la fum\u00e9e, etc.<br \/>\n<strong>4- Cuivre Argent Ion<\/strong><br \/>\nD\u00e9sinfecte, tue les virus<br \/>\n<strong>5- Filtre antibact\u00e9rien<\/strong><br \/>\n\u00c9limine les particules fines, les acariens, les microbes et les bact\u00e9ries.<br \/>\n<strong>6- Filtre HEPA \u00e0 haute efficacit\u00e9<\/strong><br \/>\n\u00c9limine les moisissures, la poussi\u00e8re, les allerg\u00e8nes et les bact\u00e9ries<br \/>\n<strong>7- Lumi\u00e8re ultraviolette de st\u00e9rilisation<\/strong><br \/>\nTue les virus et les bact\u00e9ries<br \/>\n<strong>8- Purification des anions (ions n\u00e9gatifs)<\/strong><br \/>\nAm\u00e9liore la qualit\u00e9 de l&#8217;air en s&#8217;attachant aux particules flottantes dans l&#8217;air, ce qui les rend collantes et lourdes.<\/p>\n<h4>Sp\u00e9cifications :<\/h4>\n<p><strong>CADR (Clean Air Delivery Rate) :<\/strong><br \/>\n95 CFM ( 160 m3\/h)<br \/>\n<strong>Domaine d&#8217;application : <\/strong><br \/>\n120-240 SF (11-22 m20)<br \/>\n<strong>Puissance nominale : <\/strong><br \/>\n40W<br \/>\n<strong>Poids net : <\/strong><br \/>\n10.5 Lbs. (4.8 KG)<br \/>\n<strong>Dimensions : <\/strong><br \/>\n13&#8243; x 7&#8243; x 19.7&#8243; ( 33 X 18 X 50 CM)<br \/>\n<strong>Concentration en anions : <\/strong><br \/>\n20 Mill\/CM3<br \/>\n<strong>Niveau de bruit (faible) : <\/strong><br \/>\n20,4 dB (A)<\/p>\n","protected":false},"excerpt":{"rendered":"<p>Le syst\u00e8me de purification d&#8217;air portable le plus complet pour la maison et le bureau. 8Filtres dans une seule machine !<\/p>\n<p><strong>Filtres Pollution physique<\/strong><br \/>\nTels que : Pollen, poussi\u00e8re, PM2.5, fum\u00e9e<\/p>\n<p><strong>R\u00e9sout la pollution chimique<\/strong><br \/>\nTels que : Formald\u00e9hyde, benz\u00e8ne, tolu\u00e8ne, TVOC<\/p>\n<p><strong>\u00c9limine la contamination biologique<\/strong><br \/>\nTels que : Bact\u00e9ries, germes, moisissures, champignons, acariens<\/p>\n","protected":false},"featured_media":3424,"comment_status":"closed","ping_status":"closed","template":"","meta":{"_acf_changed":false},"product_brand":[],"product_cat":[80],"product_tag":[],"class_list":{"0":"post-3416","1":"product","2":"type-product","3":"status-publish","4":"has-post-thumbnail","6":"product_cat-purificateurs-dair","8":"first","9":"instock","10":"taxable","11":"shipping-taxable","12":"purchasable","13":"product-type-simple"},"acf":[],"_links":{"self":[{"href":"https:\/\/wallmountac.com\/fr\/wp-json\/wp\/v2\/product\/3416","targetHints":{"allow":["GET"]}}],"collection":[{"href":"https:\/\/wallmountac.com\/fr\/wp-json\/wp\/v2\/product"}],"about":[{"href":"https:\/\/wallmountac.com\/fr\/wp-json\/wp\/v2\/types\/product"}],"replies":[{"embeddable":true,"href":"https:\/\/wallmountac.com\/fr\/wp-json\/wp\/v2\/comments?post=3416"}],"wp:featuredmedia":[{"embeddable":true,"href":"https:\/\/wallmountac.com\/fr\/wp-json\/wp\/v2\/media\/3424"}],"wp:attachment":[{"href":"https:\/\/wallmountac.com\/fr\/wp-json\/wp\/v2\/media?parent=3416"}],"wp:term":[{"taxonomy":"product_brand","embeddable":true,"href":"https:\/\/wallmountac.com\/fr\/wp-json\/wp\/v2\/product_brand?post=3416"},{"taxonomy":"product_cat","embeddable":true,"href":"https:\/\/wallmountac.com\/fr\/wp-json\/wp\/v2\/product_cat?post=3416"},{"taxonomy":"product_tag","embeddable":true,"href":"https:\/\/wallmountac.com\/fr\/wp-json\/wp\/v2\/product_tag?post=3416"}],"curies":[{"name":"wp","href":"https:\/\/api.w.org\/{rel}","templated":true}]}}