{"id":3431,"date":"2025-09-18T08:49:47","date_gmt":"2025-09-18T13:49:47","guid":{"rendered":"https:\/\/wallmountac.com\/?post_type=product&#038;p=3431"},"modified":"2026-02-16T10:42:48","modified_gmt":"2026-02-16T15:42:48","slug":"brisa-8n1-copy-2","status":"publish","type":"product","link":"https:\/\/wallmountac.com\/fr\/produit\/brisa-8n1-copy-2\/","title":{"rendered":"Purificateur d&#8217;air Brisa (Canada)"},"content":{"rendered":"<div style=\"width: 1280px;\" class=\"wp-video\"><video class=\"wp-video-shortcode\" id=\"video-3431-1\" width=\"1280\" height=\"720\" preload=\"metadata\" controls=\"controls\"><source type=\"video\/mp4\" src=\"https:\/\/wallmountac.com\/wp-content\/uploads\/2025\/09\/Purifier-Eng.mp4?_=1\" \/><a href=\"https:\/\/wallmountac.com\/wp-content\/uploads\/2025\/09\/Purifier-Eng.mp4\">https:\/\/wallmountac.com\/wp-content\/uploads\/2025\/09\/Purifier-Eng.mp4<\/a><\/video><\/div>\n<p>Nous passons jusqu&#8217;\u00e0 90% de notre vie &#8220;\u00e0 l&#8217;int\u00e9rieur&#8221;.<br \/>\nAu moins 1 adulte et 1 enfant sur 4 souffrent d&#8217;allergies respiratoires.<br \/>\nPr\u00e8s de 500 millions de personnes souffrent d&#8217;une maladie respiratoire chronique.<br \/>\nQue nous soyons \u00e0 la maison ou au travail, nous respirons l&#8217;air que d&#8217;autres personnes font passer dans leurs poumons !<\/p>\n<p>Cet air contient :<br \/>\ndes polluants physiques, des pollutions chimiques et des contaminations biologiques.<br \/>\nLes polluants physiques sont constitu\u00e9s de poussi\u00e8res, de pollens de plantes, de cheveux, de poils d&#8217;animaux, de fibres textiles et de papier, de salet\u00e9s et de min\u00e9raux provenant du sol ext\u00e9rieur.<br \/>\nPar ailleurs, jusqu&#8217;\u00e0 50 % de la poussi\u00e8re int\u00e9rieure est constitu\u00e9e de cellules mortes de la peau.<\/p>\n<p>Le formald\u00e9hyde, le benz\u00e8ne, le tolu\u00e8ne, les fum\u00e9es et les COVT, qui sont des compos\u00e9s chimiques organiques, sont des exemples de pollutions chimiques. Toutes les diff\u00e9rentes odeurs int\u00e9rieures ont des sources chimiques, telles que la peinture des murs, des sols et des meubles, et peuvent affecter votre sant\u00e9 g\u00e9n\u00e9rale.<br \/>\nLa plupart des gens, pour se d\u00e9barrasser des odeurs int\u00e9rieures, cr\u00e9ent d&#8217;autres odeurs chimiques plus fortes pour les masquer, en utilisant par exemple des encens et des bougies, ce qui peut \u00eatre encore plus nocif.<\/p>\n<p>Les contaminations biologiques sont les bact\u00e9ries, les germes, les moisissures, les champignons et les acariens.<br \/>\nIl n&#8217;existe pas beaucoup de syst\u00e8mes de purification de l&#8217;air qui soient faciles \u00e0 utiliser et abordables pour \u00e9liminer tous ces polluants. La plupart d&#8217;entre eux ne comportent qu&#8217;un ou deux types de filtres.<\/p>\n<p>Notre syst\u00e8me de purification de l&#8217;air en plusieurs \u00e9tapes peut faire tout cela et se d\u00e9barrasser de plus de 99 % d&#8217;entre eux dans votre maison ou votre bureau !<\/p>\n<p><strong>Il filtre la pollution physique,<\/strong><br \/>\n, comme le pollen<strong>,<\/strong> la poussi\u00e8re, les PM2 5 et la fum\u00e9e : le pollen, la poussi\u00e8re, les PM2,5, la fum\u00e9e.<br \/>\nR\u00e9sout les probl\u00e8mes de pollution chimique,<br \/>\ntels que : Formald\u00e9hyde, Benz\u00e8ne, Tolu\u00e8ne, TVOC<br \/>\nTue les contaminations biologiques,<br \/>\ntelles que : Bact\u00e9ries, germes, moisissures, champignons, acariens.<\/p>\n<h2><img loading=\"lazy\" decoding=\"async\" class=\"wp-image-3391 aligncenter\" src=\"https:\/\/wallmountac.com\/wp-content\/uploads\/2020\/12\/8-Filters-Eng-300x184.jpg\" alt=\"\" width=\"675\" height=\"414\" srcset=\"https:\/\/wallmountac.com\/wp-content\/uploads\/2020\/12\/8-Filters-Eng-300x184.jpg 300w, https:\/\/wallmountac.com\/wp-content\/uploads\/2020\/12\/8-Filters-Eng-1024x628.jpg 1024w, https:\/\/wallmountac.com\/wp-content\/uploads\/2020\/12\/8-Filters-Eng-768x471.jpg 768w, https:\/\/wallmountac.com\/wp-content\/uploads\/2020\/12\/8-Filters-Eng-1536x942.jpg 1536w, https:\/\/wallmountac.com\/wp-content\/uploads\/2020\/12\/8-Filters-Eng-2048x1256.jpg 2048w, https:\/\/wallmountac.com\/wp-content\/uploads\/2020\/12\/8-Filters-Eng-600x368.jpg 600w, https:\/\/wallmountac.com\/wp-content\/uploads\/2020\/12\/8-Filters-Eng-350x215.jpg 350w\" sizes=\"auto, (max-width: 675px) 100vw, 675px\" \/><\/h2>\n<h4>8 \u00e9tapes de la purification de l&#8217;air :<\/h4>\n<p><img loading=\"lazy\" decoding=\"async\" class=\"wp-image-3380 aligncenter\" src=\"https:\/\/wallmountac.com\/wp-content\/uploads\/2020\/12\/Brisa-fr-outdoor-300x200.jpg\" alt=\"\" width=\"671\" height=\"447\" srcset=\"https:\/\/wallmountac.com\/wp-content\/uploads\/2020\/12\/Brisa-fr-outdoor-300x200.jpg 300w, https:\/\/wallmountac.com\/wp-content\/uploads\/2020\/12\/Brisa-fr-outdoor-1024x683.jpg 1024w, https:\/\/wallmountac.com\/wp-content\/uploads\/2020\/12\/Brisa-fr-outdoor-768x512.jpg 768w, https:\/\/wallmountac.com\/wp-content\/uploads\/2020\/12\/Brisa-fr-outdoor-1536x1025.jpg 1536w, https:\/\/wallmountac.com\/wp-content\/uploads\/2020\/12\/Brisa-fr-outdoor-600x400.jpg 600w, https:\/\/wallmountac.com\/wp-content\/uploads\/2020\/12\/Brisa-fr-outdoor-350x234.jpg 350w, https:\/\/wallmountac.com\/wp-content\/uploads\/2020\/12\/Brisa-fr-outdoor.jpg 2022w\" sizes=\"auto, (max-width: 671px) 100vw, 671px\" \/><\/p>\n<p><strong>1- Filtre primaire lavable<\/strong><br \/>\nFiltre les grosses particules.<br \/>\n<strong>2- Filtre catalytique \u00e0 froid<\/strong><br \/>\nCatalyse le formald\u00e9hyde, le benz\u00e8ne, le TVOC<br \/>\n<strong>3- Filtre \u00e0 charbon actif cellulaire<\/strong><br \/>\nAbsorption rapide des odeurs, d\u00e9composition du formald\u00e9hyde, du benz\u00e8ne, de l&#8217;ammoniac, de la fum\u00e9e, etc.<br \/>\n<strong>4- Ion cuivre argent<\/strong><br \/>\nD\u00e9sinfecte, tue les virus<br \/>\n<strong>5- Filtre antibact\u00e9rien<\/strong><br \/>\n\u00c9limine les particules fines, les acariens, les microbes et les bact\u00e9ries.<br \/>\n<strong>6- Filtre HEPA haute efficacit\u00e9<\/strong><br \/>\n\u00e9limine les moisissures, la poussi\u00e8re, les allerg\u00e8nes et les bact\u00e9ries.<br \/>\n<strong>7- Lumi\u00e8re ultraviolette st\u00e9rilisante<\/strong><br \/>\nTue les virus et les bact\u00e9ries<br \/>\n<strong>8- Purification par anions (ions n\u00e9gatifs)<\/strong><br \/>\nAm\u00e9liore la qualit\u00e9 de l&#8217;air en s&#8217;attachant aux particules flottantes dans l&#8217;air, les rendant collantes et lourdes.<\/p>\n<h4>Sp\u00e9cifications :<\/h4>\n<p><strong>CADR (Clean Air Delivery Rate) :<\/strong><br \/>\n95 CFM ( 160 m3\/h)<br \/>\n<strong>Surface applicable : <\/strong><br \/>\n120-240 SF (11-22 m20)<br \/>\n<strong>Puissance nominale : <\/strong><br \/>\n40W<br \/>\n<strong>Poids net : <\/strong><br \/>\n10.5 Lbs. (4.8 KG)<br \/>\n<strong>Dimensions : <\/strong><br \/>\n13&#8243; x 7&#8243; x 19.7&#8243; ( 33 X 18 X 50 CM)<br \/>\n<strong>Concentration en anions : <\/strong><br \/>\n20 Mill\/CM3<br \/>\n<strong>Niveau de bruit (faible) : <\/strong><br \/>\n20,4 dB (A)<\/p>\n","protected":false},"excerpt":{"rendered":"<p>Le purificateur d&#8217;air portable le plus complet pour la maison et le bureau. 8 syst\u00e8mes de filtration dans un seul appareil !<\/p>\n<p><strong>Filtre la pollution physique<\/strong><br \/>\ntelle que : Pollen, poussi\u00e8re, PM2.5, fum\u00e9e<\/p>\n<p><strong>R\u00e9sout les probl\u00e8mes de pollution chimique<\/strong><br \/>\ntels que le <strong>formald\u00e9hyde<\/strong>, le benz\u00e8ne, le tolu\u00e8ne, les COVT, etc : Formald\u00e9hyde, Benz\u00e8ne, Tolu\u00e8ne, TVOC<\/p>\n<p><strong>Tue les contaminations biologiques<\/strong><br \/>\ntelles que : Bact\u00e9ries, germes, moisissures, champignons, acariens.<\/p>\n","protected":false},"featured_media":3383,"comment_status":"open","ping_status":"closed","template":"","meta":{"_acf_changed":false},"product_brand":[],"product_cat":[80,173],"product_tag":[249,247,250,244,248,243,245,246],"class_list":{"0":"post-3431","1":"product","2":"type-product","3":"status-publish","4":"has-post-thumbnail","6":"product_cat-purificateurs-dair","7":"product_cat-speciaux","8":"product_tag-acariens","9":"product_tag-allergie","10":"product_tag-filtration-de-lair","11":"product_tag-filtre-a-air","12":"product_tag-poussiere","13":"product_tag-purificateur-dair","14":"product_tag-purification-de-lair","15":"product_tag-qualite-de-lair","17":"first","18":"instock","19":"taxable","20":"shipping-taxable","21":"purchasable","22":"product-type-simple"},"acf":[],"_links":{"self":[{"href":"https:\/\/wallmountac.com\/fr\/wp-json\/wp\/v2\/product\/3431","targetHints":{"allow":["GET"]}}],"collection":[{"href":"https:\/\/wallmountac.com\/fr\/wp-json\/wp\/v2\/product"}],"about":[{"href":"https:\/\/wallmountac.com\/fr\/wp-json\/wp\/v2\/types\/product"}],"replies":[{"embeddable":true,"href":"https:\/\/wallmountac.com\/fr\/wp-json\/wp\/v2\/comments?post=3431"}],"wp:featuredmedia":[{"embeddable":true,"href":"https:\/\/wallmountac.com\/fr\/wp-json\/wp\/v2\/media\/3383"}],"wp:attachment":[{"href":"https:\/\/wallmountac.com\/fr\/wp-json\/wp\/v2\/media?parent=3431"}],"wp:term":[{"taxonomy":"product_brand","embeddable":true,"href":"https:\/\/wallmountac.com\/fr\/wp-json\/wp\/v2\/product_brand?post=3431"},{"taxonomy":"product_cat","embeddable":true,"href":"https:\/\/wallmountac.com\/fr\/wp-json\/wp\/v2\/product_cat?post=3431"},{"taxonomy":"product_tag","embeddable":true,"href":"https:\/\/wallmountac.com\/fr\/wp-json\/wp\/v2\/product_tag?post=3431"}],"curies":[{"name":"wp","href":"https:\/\/api.w.org\/{rel}","templated":true}]}}