{"id":3689,"date":"2025-10-16T09:24:05","date_gmt":"2025-10-16T14:24:05","guid":{"rendered":"https:\/\/wallmountac.com\/?post_type=product&#038;p=3689"},"modified":"2025-10-31T11:26:31","modified_gmt":"2025-10-31T16:26:31","slug":"36000-btu-climatiseur-et-thermopompe-central-sendc-36hf","status":"publish","type":"product","link":"https:\/\/wallmountac.com\/fr\/produit\/36000-btu-climatiseur-et-thermopompe-central-sendc-36hf\/","title":{"rendered":"36000 BTU Climatiseur et Thermopompe Central &#8211; SENDC-36HF"},"content":{"rendered":"<p>Le syst\u00e8me central mini-split de <strong>Senville<\/strong> vous permet d\u2019am\u00e9liorer votre syst\u00e8me central existant gr\u00e2ce \u00e0 la toute derni\u00e8re <strong>technologie DC Inverter<\/strong>. Offrant la m\u00eame efficacit\u00e9 \u00e9nerg\u00e9tique qu\u2019un syst\u00e8me mini-split standard, il permet de r\u00e9aliser jusqu\u2019\u00e0 <strong>30 % d\u2019\u00e9conomies d\u2019\u00e9nergie<\/strong> par rapport \u00e0 un syst\u00e8me central traditionnel.<\/p>\n<h4>Sp\u00e9cifications techniques<\/h4>\n<ul>\n<li><strong>Num\u00e9ro de mod\u00e8le :<\/strong> SENDC-36HF<\/li>\n<li><strong>Type :<\/strong> Climatiseur central avec thermopompe<\/li>\n<li><strong>Alimentation :<\/strong> 208\/230 V \u2013 1 Ph \u2013 60 Hz<\/li>\n<li><strong>Plage de tension :<\/strong> 187 \u2013 253 V<\/li>\n<li><strong>SEER2 :<\/strong> 16<\/li>\n<li><strong>EER2 :<\/strong> 10<\/li>\n<li><strong>Puissance de refroidissement :<\/strong> 13 000 \u2013 47 400 BTU<\/li>\n<li><strong>Consommation (W) :<\/strong> 3 673 (462 \u2013 5 700)<\/li>\n<li><strong>Courant nominal (A) :<\/strong> 15.97<\/li>\n<li><strong>Puissance de chauffage :<\/strong> 11 000 \u2013 57 200 BTU<\/li>\n<li><strong>Consommation (W) :<\/strong> 3 448 (593 \u2013 5 700)<\/li>\n<li><strong>Courant nominal (A) :<\/strong> 15<\/li>\n<li><strong>HSPF2-4 :<\/strong> 9.5<\/li>\n<li><strong>HSPF2-5 :<\/strong> 7.8<\/li>\n<li><strong>COP (W\/W) :<\/strong> 3.36<\/li>\n<li><strong>Intensit\u00e9 minimale du circuit (A) :<\/strong> 41<\/li>\n<li><strong>Fusible maximal (A) :<\/strong> 50<\/li>\n<li><strong>Dimensions int\u00e9rieures (L\u00d7P\u00d7H) :<\/strong> 21.02 \u00d7 21.02 \u00d7 49.02 po<\/li>\n<li><strong>Poids int\u00e9rieur :<\/strong> 129.19 lb<\/li>\n<li><strong>D\u00e9bit d\u2019air int\u00e9rieur (H\/M\/B) :<\/strong> 1188 \/ 1082 \/ 970 PCM<\/li>\n<li><strong>Niveau sonore int\u00e9rieur (H\/M\/B) :<\/strong> 45 \/ 43 \/ 41 dB<\/li>\n<li><strong>Dimensions ext\u00e9rieures (L\u00d7P\u00d7H) :<\/strong> 37.48 \u00d7 16.34 \u00d7 52.48 po<\/li>\n<li><strong>Poids ext\u00e9rieur :<\/strong> 227 lb<\/li>\n<li><strong>Niveau sonore ext\u00e9rieur :<\/strong> 64 dB<\/li>\n<li><strong>D\u00e9bit d\u2019air ext\u00e9rieur (max) :<\/strong> 4 500 PCM<\/li>\n<li><strong>Type de r\u00e9frig\u00e9rant :<\/strong> R410A \/ 165.79 oz<\/li>\n<li><strong>Pr\u00e9charge du r\u00e9frig\u00e9rant :<\/strong> 25 pi<\/li>\n<li><strong>C\u00e2blage de connexion :<\/strong> 14 AWG \u00d7 2 \u2013 toronn\u00e9, blind\u00e9<\/li>\n<li><strong>Type de thermostat :<\/strong> Thermostat mural<\/li>\n<li><strong>Garantie :<\/strong> 10 ans sur le compresseur \/ 5 ans sur les pi\u00e8ces<\/li>\n<li><strong>Certifications :<\/strong> Energy Star, UL, AHRI, NEEP<\/li>\n<\/ul>\n","protected":false},"excerpt":{"rendered":"<p>Le syst\u00e8me central mini-split de Senville vous permet d\u2019am\u00e9liorer votre syst\u00e8me central existant gr\u00e2ce \u00e0 la toute derni\u00e8re technologie DC Inverter. Offrant la m\u00eame efficacit\u00e9 \u00e9nerg\u00e9tique qu\u2019un syst\u00e8me mini-split standard, il permet de r\u00e9aliser jusqu\u2019\u00e0 30 % d\u2019\u00e9conomies d\u2019\u00e9nergie par rapport \u00e0 un syst\u00e8me central traditionnel. Sp\u00e9cifications techniques Num\u00e9ro de mod\u00e8le : SENDC-36HF Type : [&hellip;]<\/p>\n","protected":false},"featured_media":3665,"comment_status":"closed","ping_status":"closed","template":"","meta":{"_acf_changed":false},"product_brand":[],"product_cat":[227],"product_tag":[],"class_list":{"0":"post-3689","1":"product","2":"type-product","3":"status-publish","4":"has-post-thumbnail","6":"product_cat-central","8":"first","9":"instock","10":"taxable","11":"shipping-taxable","12":"purchasable","13":"product-type-variable"},"acf":[],"_links":{"self":[{"href":"https:\/\/wallmountac.com\/fr\/wp-json\/wp\/v2\/product\/3689","targetHints":{"allow":["GET"]}}],"collection":[{"href":"https:\/\/wallmountac.com\/fr\/wp-json\/wp\/v2\/product"}],"about":[{"href":"https:\/\/wallmountac.com\/fr\/wp-json\/wp\/v2\/types\/product"}],"replies":[{"embeddable":true,"href":"https:\/\/wallmountac.com\/fr\/wp-json\/wp\/v2\/comments?post=3689"}],"wp:featuredmedia":[{"embeddable":true,"href":"https:\/\/wallmountac.com\/fr\/wp-json\/wp\/v2\/media\/3665"}],"wp:attachment":[{"href":"https:\/\/wallmountac.com\/fr\/wp-json\/wp\/v2\/media?parent=3689"}],"wp:term":[{"taxonomy":"product_brand","embeddable":true,"href":"https:\/\/wallmountac.com\/fr\/wp-json\/wp\/v2\/product_brand?post=3689"},{"taxonomy":"product_cat","embeddable":true,"href":"https:\/\/wallmountac.com\/fr\/wp-json\/wp\/v2\/product_cat?post=3689"},{"taxonomy":"product_tag","embeddable":true,"href":"https:\/\/wallmountac.com\/fr\/wp-json\/wp\/v2\/product_tag?post=3689"}],"curies":[{"name":"wp","href":"https:\/\/api.w.org\/{rel}","templated":true}]}}